{"id":2085,"date":"2018-10-23T19:00:14","date_gmt":"2018-10-23T17:00:14","guid":{"rendered":"https:\/\/elrincondelaabuelavenezolana.com\/?page_id=2085"},"modified":"2021-09-05T10:27:44","modified_gmt":"2021-09-05T08:27:44","slug":"politica-de-privacidad","status":"publish","type":"page","link":"https:\/\/elrincondelaabuelavenezolana.com\/en\/politica-de-privacidad\/","title":{"rendered":"Privacy Policy"},"content":{"rendered":"<p>Your privacy is important to us. In this privacy statement we explain what personal data we collect from our users and how we use it.<\/p>\n<p>We encourage you to read these terms carefully before providing your personal data on this website.<\/p>\n<p>Persons over the age of thirteen may register at www.elrincondelaabuelavenezolana.com as users without the prior consent of their parents or guardians. In the case of children under the age of thirteen, the consent of their parents or guardians is required for the processing of their personal data.<\/p>\n<p>In no case shall data relating to the professional, financial or private situation of other members of the family be obtained from the minor without their consent.<\/p>\n<p>If you are under thirteen years of age and have accessed this website without notifying your parents you should not register as a user.<\/p>\n<p>This website respects and cares for the personal data of users. As a user you should know that your rights are guaranteed.<\/p>\n<p>We have strived to create a safe and reliable space and that's why we want to share our principles regarding your privacy:<\/p>\n<ul>\n<li>We never request personal information unless it is actually necessary to provide you with the services you require.<\/li>\n<li>We never share our users' personal information with anyone except to comply with the law or if we have your express permission.<\/li>\n<li>We never use your personal data for any purpose other than that stated in this privacy policy.<\/li>\n<\/ul>\n<p>It should be noted that this Privacy Policy may vary depending on legislative requirements or self-regulation, so users are advised to visit periodically. It will be applicable in the event that users decide to fill in any of the contact forms where personal data is collected.<\/p>\n<p>EL RINC\u00d3N DE LA ABUELA VENEZOLANA has adapted this website to the requirements of Organic Law 15\/1999, of 13 December, on the Protection of Personal Data (LOPD), and Royal Decree 1720\/2007, of 21 December, known as the Regulation for the development of the LOPD. It also complies with Regulation (EU) 2016\/679 of the European Parliament and Council of 27 April 2016 on the protection of individuals (RGPD), as well as with Law 34\/2002 of 11 July on Information Society Services and Electronic Commerce (LSSICE or LSSI).<\/p>\n<h3><strong>Responsible for the treatment of your personal data<\/strong><\/h3>\n<ul>\n<li><strong>Identity of the Responsible: <\/strong>GE MATAR\u00d3 CENTRO 2006 SL<\/li>\n<li><strong>Trade name:<\/strong>\u00a0EL RINC\u00d3N DE LA ABUELA VENEZOLANA<\/li>\n<li><strong>NIF\/CIF:\u00a0<\/strong>B64387376<\/li>\n<li><strong>Address:\u00a0<\/strong>Calle Mallorca 470 local 1. 08023. Barcelona. Spain.<\/li>\n<li><strong>Email:\u00a0<\/strong>contacto@elrincondelaabuelavenezolana.com<\/li>\n<li><strong>Activity:\u00a0<\/strong>Restaurant and Catering<\/li>\n<\/ul>\n<p>For the purposes of the provisions of the aforementioned General Data Protection Regulations, the personal data that you send us through the web forms will be processed by \"web users and subscribers\".<\/p>\n<p>For the treatment of data of our users, we implement all the technical and organizational measures of security established in the effective legislation.<\/p>\n<h3><strong>Principles we will apply to your personal information<\/strong><\/h3>\n<p>In the processing of your personal data, we will apply the following principles that meet the requirements of the new European data protection regulation:<\/p>\n<ul>\n<li><strong>Principle of legality, loyalty and transparency:\u00a0<\/strong>We will always require your consent for the processing of your personal data for one or more specific purposes that we will inform you in advance with absolute transparency.<\/li>\n<li><strong>Principle of data minimization:\u00a0<\/strong>We will only request data that is strictly necessary in relation to the purposes for which I request it. The minimum possible.<\/li>\n<li><strong>Principle of limitation of the conservation period:\u00a0<\/strong>the data will be kept for no longer than necessary for the purposes of processing, depending on the purpose, we will inform you of the relevant retention period, in the case of subscriptions, we will periodically review our lists and delete those records inactive for a considerable time.<\/li>\n<li><strong>Principle of integrity and confidentiality:\u00a0<\/strong>Your data will be treated in such a way as to guarantee adequate security of personal data and confidentiality. You should know that we take every precaution to prevent unauthorized access or misuse of our users' data by third parties.<\/li>\n<\/ul>\n<h3><strong>How did I get your data?<\/strong><\/h3>\n<p>The personal data that we treat in EL RINC\u00d3N DE LA ABUELA VENEZOLANA come from:<\/p>\n<ul>\n<li>Subscription Form<\/li>\n<li>Contact Form<\/li>\n<li>Reservation Form<\/li>\n<li>Sales Form<\/li>\n<li>Blog Comments<\/li>\n<\/ul>\n<h3><strong>What are your rights when you provide us with your data?<\/strong><\/h3>\n<p>Any person has the right to obtain confirmation as to whether or not we at EL RINC\u00d3N DE LA ABUELA VENEZOLANA are processing personal data concerning us.<\/p>\n<p>Interested persons have the right to:<\/p>\n<ul>\n<li>Request access to personal data relating to the data subject<\/li>\n<li>Request your rectification or deletion<\/li>\n<li>Request limitation of your treatment<\/li>\n<li>Oppose treatment<\/li>\n<li>Request data portability<\/li>\n<\/ul>\n<p>Interested parties may\u00a0<strong>gain access<\/strong>\u00a0to your personal data, as well as to request the\u00a0<strong>rectification<\/strong>\u00a0of inaccurate data or, as the case may be, request your\u00a0<strong>deletion<\/strong>\u00a0when, among other reasons, the data are no longer necessary for the purposes for which they were collected. In certain circumstances, data subjects may request the\u00a0<strong>limitation<\/strong>\u00a0of the treatment of your data, in which case we will only keep them for the exercise or the defense of claims.<\/p>\n<p>In certain circumstances and for reasons relating to their particular situation, the persons concerned may\u00a0<strong>oppose<\/strong>\u00a0to the processing of your data. EL RINC\u00d3N DE LA ABUELA VENEZOLANA will stop processing the data, except for compelling legitimate reasons, or the exercise or defence of possible claims. As an interested party, you have the right to receive the personal data that concerns you, that you have provided to us and in a structured format, of common use and mechanical reading, and to transmit them to another person responsible for processing when:<\/p>\n<ul>\n<li>Treatment is based on consent<\/li>\n<li>The data have been provided by the person concerned.<\/li>\n<li>The processing is carried out by automated means.<\/li>\n<\/ul>\n<p>By exercising your right to data portability, you have the right to have personal data transferred directly from responsible party to responsible party when technically possible.<\/p>\n<p>Interested parties shall also have the right to effective judicial protection and to lodge a complaint with the supervisory authority, in this case the Spanish Data Protection Agency, if they consider that the processing of personal data concerning them infringes the Regulations.<\/p>\n<h3><strong>For what purpose do we process your personal data?<\/strong><\/h3>\n<p>When a user connects to this website for example to comment a post, send an email to the holder, subscribe or make a contract, is providing personal information for which is responsible THE CORNER OF THE VENEZUELA ABUELA VENEZOLANA. This information may include personal data such as your IP address, name, physical address, e-mail address, telephone number and other information. By providing this information, the user gives their consent for their information to be collected, used, managed and stored by www.elrincondelaabuelavenezolana.com, only as described in the Legal Notice and this Privacy Policy.<\/p>\n<p>In EL RINC\u00d3N DE LA ABUELA VENEZOLANA there are different systems for capturing personal information and I treat the information provided by interested persons with the following purpose for each capture system (forms):<\/p>\n<ul>\n<li><strong>Content subscription form:\u00a0<\/strong>En este caso, solicitamos los siguientes datos personales: Nombre, Email, Direcci\u00f3n IP, para gestionar la lista de suscripciones, enviar boletines, promociones y ofertas especiales, facilitados por el usuario al realizar la suscripci\u00f3n. Dentro de la web existen varios formularios para activar la suscripci\u00f3n. Los boletines electr\u00f3nicos o newsletter est\u00e1n gestionados por Mailchimp.\u00a0Te informamos que los datos que nos facilitas estar\u00e1n ubicados en los servidores de Mailchimp (proveedor del RINC\u00d3N DE LA ABUELA VENEZOLANA)\u00a0fuera de la UE en EEUU. \u00a0Mailchimp est\u00e1 acogido al acuerdo EU-US Privacy Shield, cuya informaci\u00f3n est\u00e1 <a href=\"https:\/\/mailchimp.com\/en\/legal\/\" target=\"_blank\" rel=\"noopener noreferrer\">available\u00a0<u>here<\/u>,<\/a> approved by the European Data Protection Committee.<\/li>\n<li><strong>Registration form for blog comments:\u00a0<\/strong>Para comentar las publicaciones del blog\u00a0www.elrincondelaabuelavenezolana.com se requiere que el usuario se d\u00e9 de alta a trav\u00e9s de este formulario. En este caso, solicitamos los siguientes datos personales: Nombre, Email, Direcci\u00f3n IP, Una vez dado de alta, el usuario podr\u00e1 realizar tantos comentarios como desee y dar respuesta sobre los anteriores.\u00a0Te informamos que los datos que nos facilitas estar\u00e1n ubicados en los servidores de Fat Cow (proveedor del RINC\u00d3N DE LA ABUELA VENEZOLANA)\u00a0en USA.<\/li>\n<li><strong>Formulario de Contacto:<\/strong> En este caso, solicitamos los siguientes datos personales: Nombre, Email, Direcci\u00f3n IP.\u00a0Te informamos que los datos que nos facilitas estar\u00e1n ubicados en los servidores de Fat Cow (proveedor del RINC\u00d3N DE LA ABUELA VENEZOLANA) en USA.<\/li>\n<li><strong>Formulario de Venta:<\/strong> En este caso, solicitamos los siguientes datos personales: Nombre, Apellido,Email, Tel\u00e9fono, Direcci\u00f3n f\u00edsica, Direcci\u00f3n IP.\u00a0Te informamos que los datos que nos facilitas estar\u00e1n ubicados en los servidores de Fat Cow (proveedor del RINC\u00d3N DE LA ABUELA VENEZOLANA) en USA. Nunca guardamos datos sensitivos como los datos de Tarjetas de cr\u00e9dito o d\u00e9bito, o datos de Paypal de ninguna persona.<\/li>\n<\/ul>\n<p>Existen otras finalidades por la que tratamos tus datos personales:<\/p>\n<ul>\n<li>Para garantizar el cumplimiento de las condiciones de uso y la ley aplicable. Esto puede incluir el desarrollo de herramientas y algoritmos que ayudan a esta web a garantizar la confidencialidad de los datos personales que recoge.<\/li>\n<li>Para apoyar y mejorar los servicios que ofrece esta web.<\/li>\n<li>Tambi\u00e9n se recogen otros datos no identificativos que se obtienen mediante algunas cookies que se descargan en el ordenador del usuario cuando navega en esta web que detallo en la pol\u00edtica de cookies.<\/li>\n<li>Para gestionar las redes sociales.\u00a0EL RINC\u00d3N DE LA ABUELA VENEZOLANA puede tener presencia en redes sociales. El tratamiento de los datos que se lleve a cabo de las personas que se hagan seguidoras en las redes sociales de las p\u00e1ginas oficiales de\u00a0www.elrincondelaabuelavenezolana.com, se regir\u00e1 por este apartado. As\u00ed como por aquellas condiciones de uso, pol\u00edticas de privacidad y normativas de acceso que pertenezcan a la red social que proceda en cada caso y aceptadas previamente por el usuario del RINC\u00d3N DE LA ABUELA VENEZOLANA. Tratar\u00e1 sus datos con las finalidades de administrar correctamente su presencia en la red social, informando de actividades, productos o servicios del RINC\u00d3N DE LA ABUELA VENEZOLANA. As\u00ed como para cualquier otra finalidad que las normativas de las redes sociales permitan. En ning\u00fan caso utilizaremos los perfiles de seguidores en redes sociales para enviar publicidad de manera individual.<\/li>\n<\/ul>\n<p>De acuerdo a lo establecido en el reglamento general de protecci\u00f3n de datos europeo (RGPD) 2016\/679,\u00a0EL RINCON DE LA ABUELA VENEZOLANA con domicilio en Calle Mallorca 470 local 1. 08023. Barcelona. Espa\u00f1a, ser\u00e1 responsable del tratamiento de los datos correspondientes a Usuarios de la web y suscriptores.<\/p>\n<p>EL RINC\u00d3N DE LA ABUELA VENEZOLANA, no vende, alquila ni cede datos de car\u00e1cter personal que puedan identificar al usuario, ni lo har\u00e1 en el futuro, a terceros sin el consentimiento previo. Sin embargo, en algunos casos se pueden realizar colaboraciones con otros profesionales, en esos casos, se requerir\u00e1 consentimiento a los usuarios informando sobre la identidad del colaborador y la finalidad de la colaboraci\u00f3n. Siempre se realizar\u00e1 con los m\u00e1s estrictos est\u00e1ndares de seguridad.<\/p>\n<h3><strong>Legitimaci\u00f3n para el tratamiento de tus datos<\/strong><\/h3>\n<p>La base legal para el tratamiento de sus datos es: el consentimiento.<\/p>\n<p>Para contactar o realizar comentarios en esta web se requiere el consentimiento con esta Pol\u00edtica de Privacidad.<\/p>\n<p>La oferta prospectiva o comercial de productos y servicios est\u00e1 basada en el consentimiento que se le solicita, sin que en ning\u00fan caso la retirada de este consentimiento condicione la ejecuci\u00f3n del contrato de suscripci\u00f3n.<\/p>\n<h3><strong>Categor\u00eda de datos<\/strong><\/h3>\n<p>Las categor\u00edas de datos que se tratan son datos identificativos.<\/p>\n<p>No se tratan categor\u00edas de datos especialmente protegidos.<\/p>\n<h3><strong>\u00bfPor cu\u00e1nto tiempo conservar\u00e9 tus datos?<\/strong><\/h3>\n<h4><strong>Los datos personales proporcionados se conservar\u00e1n:<\/strong><\/h4>\n<ul>\n<li>Hasta que no se solicite su supresi\u00f3n por el interesado.<\/li>\n<\/ul>\n<h3><strong>\u00bfA qu\u00e9 destinatarios se comunicar\u00e1n tus datos?<\/strong><\/h3>\n<p>Muchas herramientas que utilizamos para gestionar tus datos son contratados por terceros.<\/p>\n<p>Para prestar servicios estrictamente necesarios para el desarrollo de la actividad,\u00a0www.elrincondelaabuelavenezolana.com, comparte datos con los siguientes prestadores bajo sus correspondientes condiciones de privacidad:<\/p>\n<p><strong>Google Analytics:<\/strong>\u00a0un servicio anal\u00edtico de web prestado por Google, Inc., una compa\u00f1\u00eda de Delaware cuya oficina principal est\u00e1 en 1600 Amphitheatre Parkway, Mountain View (California), CA 94043, Estados Unidos (\u201cGoogle\u201d). Google Analytics utiliza \u201ccookies\u201d, que son archivos de texto ubicados en tu ordenador, para ayudar a www.elrincondelaabuelavenezolana.com a analizar el uso que hacen los usuarios del sitio web. La informaci\u00f3n que genera la cookie acerca de su uso de\u00a0www.elrincondelaabuelavenezolana.com (incluyendo tu direcci\u00f3n IP) ser\u00e1 directamente transmitida y archivada por Google en los servidores de Estados Unidos.<\/p>\n<p><strong>Hosting:<\/strong>\u00a0FAT COW, con domicilio en 10 Corporate Dr. Suite 300. Burlington, MA 01803. M\u00e1s informaci\u00f3n <a href=\"https:\/\/www.fatcow.com\/legal\/\" target=\"_blank\" rel=\"noopener noreferrer\">AQU\u00cd<\/a>. FAT COW, trata los datos con la finalidad de realizar sus servicios de hosting al RINC\u00d3N DE LA ABUELA VENEZOLANA.<\/p>\n<p><strong>Plataforma web:<\/strong>\u00a0Automattic Inc., con domicilio en EEUU. M\u00e1s informaci\u00f3n en: https:\/\/es.wordpress.com\/ (Automattic Inc.). Automattic Inc. trata los datos con la finalidad de realizar sus servicios de plataforma web al RINC\u00d3N DE LA ABUELA VENEZOLANA.<\/p>\n<p><strong>Email marketing:<\/strong>\u00a0The Rocket Science Group LLC d\/b\/a , con domicilio en EEUU. M\u00e1s informaci\u00f3n en: https:\/\/mailchimp.com\/ (The Rocket Science Group LLC d\/b\/a ). The Rocket Science Group LLC d\/b\/a trata los datos con la finalidad de realizar sus servicios de email marketing al RINC\u00d3N DE LA ABUELA VENEZOLANA.<\/p>\n<h3><strong>Navegaci\u00f3n<\/strong><\/h3>\n<p>Al navegar por\u00a0www.elrincondelaabuelavenezolana.com se pueden recoger datos no identificables, que pueden incluir, direcciones IP, ubicaci\u00f3n geogr\u00e1fica (aproximadamente), un registro de c\u00f3mo se utilizan los servicios y sitios, y otros datos que no pueden ser utilizados para identificar al usuario. Entre los datos no identificativos est\u00e1n tambi\u00e9n los relacionados a tus h\u00e1bitos de navegaci\u00f3n a trav\u00e9s de servicios de terceros.\u00a0Esta web utiliza los siguientes servicios de an\u00e1lisis de terceros:<\/p>\n<ul>\n<li>Google analytics<\/li>\n<\/ul>\n<p>Utilizamos esta informaci\u00f3n para analizar tendencias, administrar el sitio, rastrear los movimientos de los usuarios alrededor del sitio y para recopilar informaci\u00f3n demogr\u00e1fica sobre nuestra base de usuarios en su conjunto.<\/p>\n<h3><strong>Secreto y seguridad de los datos<\/strong><\/h3>\n<p>www.elrincondelaabuelavenezolana.com se compromete en el uso y tratamiento de los datos incluidos personales de los usuarios, respetando su confidencialidad y a utilizarlos de acuerdo con la finalidad del mismo, as\u00ed como a dar cumplimiento a su obligaci\u00f3n de guardarlos y adaptar todas las medidas para evitar la alteraci\u00f3n, p\u00e9rdida, tratamiento o acceso no autorizado, de conformidad con lo establecido en la normativa vigente de protecci\u00f3n de datos.<\/p>\n<p>Esta web incluye un certificado SSL. Se trata de un protocolo de seguridad que hace que tus datos viajen de manera \u00edntegra y segura, es decir, la transmisi\u00f3n de los datos entre un servidor y usuario web, y en retroalimentaci\u00f3n, es totalmente cifrada o encriptada.<\/p>\n<p>www.elrincondelaabuelavenezolana.com no puede garantizar la absoluta inexpugnabilidad de la red Internet y por tanto la violaci\u00f3n de los datos mediante accesos fraudulentos a ellos por parte de terceros.<\/p>\n<p>Con respecto a la confidencialidad del procesamiento,\u00a0GE MATAR\u00d3 CENTRO 2006 SL, se asegurar\u00e1 de que cualquier persona que est\u00e9 autorizada por\u00a0EL RINC\u00d3N DE LA ABUELA VENEZOLANA para procesar los datos del cliente (incluido su personal, colaboradores y prestadores), estar\u00e1 bajo la obligaci\u00f3n apropiada de confidencialidad (ya sea un deber contractual o legal).<\/p>\n<p>Cuando se presente alg\u00fan incidente de seguridad, al darse cuenta EL RINC\u00d3N DE LA ABUELA VENEZOLANA, deber\u00e1 notificar al Cliente sin demoras indebidas y deber\u00e1 proporcionar informaci\u00f3n oportuna relacionada con el Incidente de Seguridad tal como se conozca o cuando el Cliente lo solicite razonablemente.<\/p>\n<h3><strong>Exactitud y veracidad de los datos<\/strong><\/h3>\n<p>Como usuario, eres el \u00fanico responsable de la veracidad y correcci\u00f3n de los datos que remitas a\u00a0www.elrincondelaabuelavenezolana.com exonerando al RINC\u00d3N DE LA ABUELA VENEZOLANA, de cualquier responsabilidad al respecto.<\/p>\n<p>Los usuarios garantizan y responden, en cualquier caso, de la exactitud, vigencia y autenticidad de los datos personales facilitados, y se comprometen a mantenerlos debidamente actualizados. El usuario acepta proporcionar informaci\u00f3n completa y correcta en el formulario de contacto o suscripci\u00f3n.<\/p>\n<h3><strong>Aceptaci\u00f3n y consentimiento<\/strong><\/h3>\n<p>El usuario declara haber sido informado de las condiciones sobre protecci\u00f3n de datos de car\u00e1cter personal, aceptando y consintiendo el tratamiento de los mismos por parte del RINC\u00d3N DE LA ABUELA VENEZOLANA en la forma y para las finalidades indicadas en esta Pol\u00edtica de Privacidad.<\/p>\n<h3><strong>Revocabilidad<\/strong><\/h3>\n<p>El consentimiento prestado, tanto para el tratamiento como para la cesi\u00f3n de los datos de los interesados, es revocable en cualquier momento comunic\u00e1ndolo al RINC\u00d3N DE LA ABUELA VENEZOLANA en los t\u00e9rminos establecidos en esta Pol\u00edtica de Privacidad para el ejercicio de los derechos ARCO. Esta revocaci\u00f3n en ning\u00fan caso tendr\u00e1 car\u00e1cter retroactivo.<\/p>\n<h3><strong>Cambios en la Pol\u00edtica de Privacidad<\/strong><\/h3>\n<p>EL RINC\u00d3N DE LA ABUELA VENEZOLANA se reserva el derecho a modificar la presente Pol\u00edtica de Privacidad para adaptarla a novedades legislativas o jurisprudenciales, as\u00ed como a pr\u00e1cticas de la industria. En dichos supuestos, EL R\u00cdNC\u00d3N DE LA ABUELA VENEZOLANA anunciar\u00e1 en esta p\u00e1gina los cambios introducidos con razonable antelaci\u00f3n a su puesta en pr\u00e1ctica.<\/p>\n<h3><strong>Correos comerciales<\/strong><\/h3>\n<p>De acuerdo con la LSSICE,\u00a0www.elrincondelaabuelavenezolana.com no realiza pr\u00e1cticas de SPAM, por lo que no env\u00eda correos comerciales por v\u00eda electr\u00f3nica que no hayan sido previamente solicitados o autorizados por el usuario. En consecuencia, en cada uno de los formularios habidos en la web, el usuario tiene la posibilidad de dar su consentimiento expreso para recibir el bolet\u00edn, con independencia de la informaci\u00f3n comercial puntualmente solicitada.<\/p>\n<p>Conforme a lo dispuesto en la Ley 34\/2002 de Servicios de la Sociedad de la Informaci\u00f3n y de comercio electr\u00f3nico,\u00a0www.elrincondelaabuelavenezolana.com se compromete a no enviar comunicaciones de car\u00e1cter comercial sin identificarlas debidamente.<\/p>\n<h4>Documento revisado el 20\/10\/2018.<\/h4>","protected":false},"excerpt":{"rendered":"<p>Tu privacidad es importante para nosotros. En esta declaraci\u00f3n de privacidad te explicamos que datos personales recopilamos de nuestros usuarios y c\u00f3mo los utilizamos. Te animamos a leer detenidamente estos t\u00e9rminos antes de facilitar tus datos personales en esta web. Los mayores de trece a\u00f1os podr\u00e1n registrarse en www.elrincondelaabuelavenezolana.com como usuarios sin el previo consentimiento [&hellip;]<\/p>\n","protected":false},"author":2,"featured_media":0,"parent":0,"menu_order":0,"comment_status":"closed","ping_status":"closed","template":"","meta":{"site-sidebar-layout":"default","site-content-layout":"default","ast-site-content-layout":"default","site-content-style":"default","site-sidebar-style":"default","ast-global-header-display":"","ast-banner-title-visibility":"","ast-main-header-display":"","ast-hfb-above-header-display":"","ast-hfb-below-header-display":"","ast-hfb-mobile-header-display":"","site-post-title":"","ast-breadcrumbs-content":"","ast-featured-img":"","footer-sml-layout":"","ast-disable-related-posts":"","theme-transparent-header-meta":"default","adv-header-id-meta":"","stick-header-meta":"","header-above-stick-meta":"","header-main-stick-meta":"","header-below-stick-meta":"","astra-migrate-meta-layouts":"default","ast-page-background-enabled":"default","ast-page-background-meta":{"desktop":{"background-color":"var(--ast-global-color-4)","background-image":"","background-repeat":"repeat","background-position":"center center","background-size":"auto","background-attachment":"scroll","background-type":"","background-media":"","overlay-type":"","overlay-color":"","overlay-opacity":"","overlay-gradient":""},"tablet":{"background-color":"","background-image":"","background-repeat":"repeat","background-position":"center center","background-size":"auto","background-attachment":"scroll","background-type":"","background-media":"","overlay-type":"","overlay-color":"","overlay-opacity":"","overlay-gradient":""},"mobile":{"background-color":"","background-image":"","background-repeat":"repeat","background-position":"center center","background-size":"auto","background-attachment":"scroll","background-type":"","background-media":"","overlay-type":"","overlay-color":"","overlay-opacity":"","overlay-gradient":""}},"ast-content-background-meta":{"desktop":{"background-color":"var(--ast-global-color-5)","background-image":"","background-repeat":"repeat","background-position":"center center","background-size":"auto","background-attachment":"scroll","background-type":"","background-media":"","overlay-type":"","overlay-color":"","overlay-opacity":"","overlay-gradient":""},"tablet":{"background-color":"var(--ast-global-color-5)","background-image":"","background-repeat":"repeat","background-position":"center center","background-size":"auto","background-attachment":"scroll","background-type":"","background-media":"","overlay-type":"","overlay-color":"","overlay-opacity":"","overlay-gradient":""},"mobile":{"background-color":"var(--ast-global-color-5)","background-image":"","background-repeat":"repeat","background-position":"center center","background-size":"auto","background-attachment":"scroll","background-type":"","background-media":"","overlay-type":"","overlay-color":"","overlay-opacity":"","overlay-gradient":""}},"footnotes":""},"class_list":["post-2085","page","type-page","status-publish","hentry"],"_links":{"self":[{"href":"https:\/\/elrincondelaabuelavenezolana.com\/en\/wp-json\/wp\/v2\/pages\/2085","targetHints":{"allow":["GET"]}}],"collection":[{"href":"https:\/\/elrincondelaabuelavenezolana.com\/en\/wp-json\/wp\/v2\/pages"}],"about":[{"href":"https:\/\/elrincondelaabuelavenezolana.com\/en\/wp-json\/wp\/v2\/types\/page"}],"author":[{"embeddable":true,"href":"https:\/\/elrincondelaabuelavenezolana.com\/en\/wp-json\/wp\/v2\/users\/2"}],"replies":[{"embeddable":true,"href":"https:\/\/elrincondelaabuelavenezolana.com\/en\/wp-json\/wp\/v2\/comments?post=2085"}],"version-history":[{"count":3,"href":"https:\/\/elrincondelaabuelavenezolana.com\/en\/wp-json\/wp\/v2\/pages\/2085\/revisions"}],"predecessor-version":[{"id":6040,"href":"https:\/\/elrincondelaabuelavenezolana.com\/en\/wp-json\/wp\/v2\/pages\/2085\/revisions\/6040"}],"wp:attachment":[{"href":"https:\/\/elrincondelaabuelavenezolana.com\/en\/wp-json\/wp\/v2\/media?parent=2085"}],"curies":[{"name":"wp","href":"https:\/\/api.w.org\/{rel}","templated":true}]}}