{"id":2603,"date":"2019-03-13T20:15:07","date_gmt":"2019-03-13T19:15:07","guid":{"rendered":"https:\/\/elrincondelaabuelavenezolana.com\/?page_id=2603"},"modified":"2025-10-08T17:57:22","modified_gmt":"2025-10-08T15:57:22","slug":"nosotros","status":"publish","type":"page","link":"https:\/\/elrincondelaabuelavenezolana.com\/en\/nosotros\/","title":{"rendered":"About Us"},"content":{"rendered":"<div data-elementor-type=\"wp-post\" data-elementor-id=\"2603\" class=\"elementor elementor-2603\">\n\t\t\t\t\t\t<section class=\"elementor-section elementor-top-section elementor-element elementor-element-09e7bca elementor-section-stretched elementor-section-content-middle elementor-section-height-min-height elementor-section-boxed elementor-section-height-default elementor-section-items-middle\" data-id=\"09e7bca\" data-element_type=\"section\" data-e-type=\"section\" data-settings=\"{&quot;stretch_section&quot;:&quot;section-stretched&quot;,&quot;background_background&quot;:&quot;classic&quot;}\">\n\t\t\t\t\t\t\t<div class=\"elementor-background-overlay\"><\/div>\n\t\t\t\t\t\t\t<div class=\"elementor-container elementor-column-gap-default\">\n\t\t\t\t\t<div class=\"elementor-column elementor-col-100 elementor-top-column elementor-element elementor-element-b7145b6\" data-id=\"b7145b6\" data-element_type=\"column\" data-e-type=\"column\">\n\t\t\t<div class=\"elementor-widget-wrap elementor-element-populated\">\n\t\t\t\t\t\t<div class=\"elementor-element elementor-element-cda546c elementor-widget elementor-widget-heading\" data-id=\"cda546c\" data-element_type=\"widget\" data-e-type=\"widget\" data-widget_type=\"heading.default\">\n\t\t\t\t<div class=\"elementor-widget-container\">\n\t\t\t\t\t<h3 class=\"elementor-heading-title elementor-size-large\">ABOUT US<\/h3>\t\t\t\t<\/div>\n\t\t\t\t<\/div>\n\t\t\t\t<div class=\"elementor-element elementor-element-d893261 elementor-widget-divider--view-line elementor-widget elementor-widget-divider\" data-id=\"d893261\" data-element_type=\"widget\" data-e-type=\"widget\" data-widget_type=\"divider.default\">\n\t\t\t\t<div class=\"elementor-widget-container\">\n\t\t\t\t\t\t\t<div class=\"elementor-divider\">\n\t\t\t<span class=\"elementor-divider-separator\">\n\t\t\t\t\t\t<\/span>\n\t\t<\/div>\n\t\t\t\t\t\t<\/div>\n\t\t\t\t<\/div>\n\t\t\t\t\t<\/div>\n\t\t<\/div>\n\t\t\t\t\t<\/div>\n\t\t<\/section>\n\t\t\t\t<section class=\"elementor-section elementor-top-section elementor-element elementor-element-3f0f6371 elementor-reverse-mobile elementor-section-stretched elementor-section-boxed elementor-section-height-default elementor-section-height-default\" data-id=\"3f0f6371\" data-element_type=\"section\" data-e-type=\"section\" data-settings=\"{&quot;background_background&quot;:&quot;classic&quot;,&quot;stretch_section&quot;:&quot;section-stretched&quot;}\">\n\t\t\t\t\t\t<div class=\"elementor-container elementor-column-gap-no\">\n\t\t\t\t\t<div class=\"elementor-column elementor-col-50 elementor-top-column elementor-element elementor-element-41aeacef\" data-id=\"41aeacef\" data-element_type=\"column\" data-e-type=\"column\">\n\t\t\t<div class=\"elementor-widget-wrap elementor-element-populated\">\n\t\t\t\t\t\t<div class=\"elementor-element elementor-element-238e77e0 elementor-invisible elementor-widget elementor-widget-image\" data-id=\"238e77e0\" data-element_type=\"widget\" data-e-type=\"widget\" data-settings=\"{&quot;_animation&quot;:&quot;fadeIn&quot;}\" data-widget_type=\"image.default\">\n\t\t\t\t<div class=\"elementor-widget-container\">\n\t\t\t\t\t\t\t\t\t\t\t\t\t\t\t<img fetchpriority=\"high\" decoding=\"async\" width=\"683\" height=\"683\" src=\"https:\/\/elrincondelaabuelavenezolana.com\/wp-content\/uploads\/2019\/11\/los-restaurantse-rincon-abuela-venezolana-barcelona.png\" class=\"attachment-large size-large wp-image-3796\" alt=\"los-restaurantse-rincon-abuela-venezolana-barcelona\" srcset=\"https:\/\/elrincondelaabuelavenezolana.com\/wp-content\/uploads\/2019\/11\/los-restaurantse-rincon-abuela-venezolana-barcelona.png 683w, https:\/\/elrincondelaabuelavenezolana.com\/wp-content\/uploads\/2019\/11\/los-restaurantse-rincon-abuela-venezolana-barcelona-300x300.png 300w, https:\/\/elrincondelaabuelavenezolana.com\/wp-content\/uploads\/2019\/11\/los-restaurantse-rincon-abuela-venezolana-barcelona-150x150.png 150w, https:\/\/elrincondelaabuelavenezolana.com\/wp-content\/uploads\/2019\/11\/los-restaurantse-rincon-abuela-venezolana-barcelona-200x200.png 200w, https:\/\/elrincondelaabuelavenezolana.com\/wp-content\/uploads\/2019\/11\/los-restaurantse-rincon-abuela-venezolana-barcelona-600x600.png 600w, https:\/\/elrincondelaabuelavenezolana.com\/wp-content\/uploads\/2019\/11\/los-restaurantse-rincon-abuela-venezolana-barcelona-100x100.png 100w\" sizes=\"(max-width: 683px) 100vw, 683px\" \/>\t\t\t\t\t\t\t\t\t\t\t\t\t\t\t<\/div>\n\t\t\t\t<\/div>\n\t\t\t\t\t<\/div>\n\t\t<\/div>\n\t\t\t\t<div class=\"elementor-column elementor-col-50 elementor-top-column elementor-element elementor-element-2a0b9a8 elementor-invisible\" data-id=\"2a0b9a8\" data-element_type=\"column\" data-e-type=\"column\" data-settings=\"{&quot;background_background&quot;:&quot;classic&quot;,&quot;animation&quot;:&quot;fadeIn&quot;,&quot;animation_delay&quot;:200}\">\n\t\t\t<div class=\"elementor-widget-wrap elementor-element-populated\">\n\t\t\t\t\t\t<div class=\"elementor-element elementor-element-3fe43ef6 elementor-invisible elementor-widget elementor-widget-heading\" data-id=\"3fe43ef6\" data-element_type=\"widget\" data-e-type=\"widget\" data-settings=\"{&quot;_animation_delay&quot;:100,&quot;_animation&quot;:&quot;fadeInRight&quot;}\" data-widget_type=\"heading.default\">\n\t\t\t\t<div class=\"elementor-widget-container\">\n\t\t\t\t\t<h2 class=\"elementor-heading-title elementor-size-default\">EL RINC\u00d3N DE LA ABUELA VENEZOLANA<\/h2>\t\t\t\t<\/div>\n\t\t\t\t<\/div>\n\t\t\t\t<div class=\"elementor-element elementor-element-4e87fec elementor-invisible elementor-widget elementor-widget-heading\" data-id=\"4e87fec\" data-element_type=\"widget\" data-e-type=\"widget\" data-settings=\"{&quot;_animation&quot;:&quot;fadeInUp&quot;}\" data-widget_type=\"heading.default\">\n\t\t\t\t<div class=\"elementor-widget-container\">\n\t\t\t\t\t<p class=\"elementor-heading-title elementor-size-default\">It is formed by a Venezuelan family, entrepreneurs, with human quality and residing in Barcelona, Spain, since 2003. We have more than 18 years of experience delighting the Venezuelan palate, with exquisite delicacies that make us transport to our beloved land. The idea arose from an embarrassing whim which has become a reality...<\/p>\t\t\t\t<\/div>\n\t\t\t\t<\/div>\n\t\t\t\t\t<\/div>\n\t\t<\/div>\n\t\t\t\t\t<\/div>\n\t\t<\/section>\n\t\t\t\t<section class=\"elementor-section elementor-top-section elementor-element elementor-element-7e7ede4 elementor-section-stretched elementor-section-boxed elementor-section-height-default elementor-section-height-default\" data-id=\"7e7ede4\" data-element_type=\"section\" data-e-type=\"section\" data-settings=\"{&quot;stretch_section&quot;:&quot;section-stretched&quot;}\">\n\t\t\t\t\t\t<div class=\"elementor-container elementor-column-gap-no\">\n\t\t\t\t\t<div class=\"elementor-column elementor-col-50 elementor-top-column elementor-element elementor-element-f21ef59 elementor-invisible\" data-id=\"f21ef59\" data-element_type=\"column\" data-e-type=\"column\" data-settings=\"{&quot;background_background&quot;:&quot;classic&quot;,&quot;animation&quot;:&quot;fadeIn&quot;,&quot;animation_delay&quot;:100}\">\n\t\t\t<div class=\"elementor-widget-wrap elementor-element-populated\">\n\t\t\t\t\t\t<div class=\"elementor-element elementor-element-3b3a318 elementor-invisible elementor-widget elementor-widget-heading\" data-id=\"3b3a318\" data-element_type=\"widget\" data-e-type=\"widget\" data-settings=\"{&quot;_animation_delay&quot;:100,&quot;_animation&quot;:&quot;fadeInLeft&quot;}\" data-widget_type=\"heading.default\">\n\t\t\t\t<div class=\"elementor-widget-container\">\n\t\t\t\t\t<h2 class=\"elementor-heading-title elementor-size-default\">OUR SERVICE<\/h2>\t\t\t\t<\/div>\n\t\t\t\t<\/div>\n\t\t\t\t<div class=\"elementor-element elementor-element-0c8490b elementor-invisible elementor-widget elementor-widget-heading\" data-id=\"0c8490b\" data-element_type=\"widget\" data-e-type=\"widget\" data-settings=\"{&quot;_animation&quot;:&quot;fadeInUp&quot;}\" data-widget_type=\"heading.default\">\n\t\t\t\t<div class=\"elementor-widget-container\">\n\t\t\t\t\t<p class=\"elementor-heading-title elementor-size-default\">We are dedicated to fulfill and make a reality the dream of many Venezuelan homes that we are outside of our mother country: Delight with traditional Venezuelan dishes, both in person and at home. \n<br><br>Nuestra especialidad: <b><i>La Hallaca<\/i><\/b>Our specialty: La Hallaca. We also offer our service of Venezuelan Catering, for any type of event, as well as the detailed sale of some exquisitez that you want to savor, under our motto:\n\"Like at Home\".<b>Como en Casa<\/b>\u201d.<\/p>\t\t\t\t<\/div>\n\t\t\t\t<\/div>\n\t\t\t\t\t<\/div>\n\t\t<\/div>\n\t\t\t\t<div class=\"elementor-column elementor-col-50 elementor-top-column elementor-element elementor-element-2da0f00 elementor-invisible\" data-id=\"2da0f00\" data-element_type=\"column\" data-e-type=\"column\" data-settings=\"{&quot;animation&quot;:&quot;fadeIn&quot;,&quot;animation_delay&quot;:200}\">\n\t\t\t<div class=\"elementor-widget-wrap elementor-element-populated\">\n\t\t\t\t\t\t<div class=\"elementor-element elementor-element-536bb2b elementor-invisible elementor-widget elementor-widget-image\" data-id=\"536bb2b\" data-element_type=\"widget\" data-e-type=\"widget\" data-settings=\"{&quot;_animation&quot;:&quot;fadeInRight&quot;}\" data-widget_type=\"image.default\">\n\t\t\t\t<div class=\"elementor-widget-container\">\n\t\t\t\t\t\t\t\t\t\t\t\t\t\t\t<img decoding=\"async\" src=\"https:\/\/elrincondelaabuelavenezolana.com\/wp-content\/uploads\/elementor\/thumbs\/platos-venezolanos-rincon-abuela-venezolana-o55c628junpnmrudsh0z6gmlheemcxye0jrltsi4hs.jpg\" title=\"platos-venezolanos-rincon-abuela-venezolana\" alt=\"platos-venezolanos-rincon-abuela-venezolana\" loading=\"lazy\" \/>\t\t\t\t\t\t\t\t\t\t\t\t\t\t\t<\/div>\n\t\t\t\t<\/div>\n\t\t\t\t\t<\/div>\n\t\t<\/div>\n\t\t\t\t\t<\/div>\n\t\t<\/section>\n\t\t\t\t<section class=\"elementor-section elementor-top-section elementor-element elementor-element-70cd063 elementor-reverse-mobile elementor-section-stretched elementor-section-boxed elementor-section-height-default elementor-section-height-default\" data-id=\"70cd063\" data-element_type=\"section\" data-e-type=\"section\" data-settings=\"{&quot;background_background&quot;:&quot;classic&quot;,&quot;stretch_section&quot;:&quot;section-stretched&quot;}\">\n\t\t\t\t\t\t<div class=\"elementor-container elementor-column-gap-no\">\n\t\t\t\t\t<div class=\"elementor-column elementor-col-50 elementor-top-column elementor-element elementor-element-cb4230f elementor-invisible\" data-id=\"cb4230f\" data-element_type=\"column\" data-e-type=\"column\" data-settings=\"{&quot;animation&quot;:&quot;fadeIn&quot;,&quot;animation_delay&quot;:100}\">\n\t\t\t<div class=\"elementor-widget-wrap elementor-element-populated\">\n\t\t\t\t\t\t<div class=\"elementor-element elementor-element-ce254a5 elementor-widget elementor-widget-image\" data-id=\"ce254a5\" data-element_type=\"widget\" data-e-type=\"widget\" data-widget_type=\"image.default\">\n\t\t\t\t<div class=\"elementor-widget-container\">\n\t\t\t\t\t\t\t\t\t\t\t\t\t\t\t<img decoding=\"async\" width=\"678\" height=\"678\" src=\"https:\/\/elrincondelaabuelavenezolana.com\/wp-content\/uploads\/2019\/11\/nosotros-serivicio-rincon-abuela-venezolana-barcelona.jpg\" class=\"attachment-large size-large wp-image-3792\" alt=\"nosotros-serivicio-rincon-abuela-venezolana-barcelona\" srcset=\"https:\/\/elrincondelaabuelavenezolana.com\/wp-content\/uploads\/2019\/11\/nosotros-serivicio-rincon-abuela-venezolana-barcelona.jpg 678w, https:\/\/elrincondelaabuelavenezolana.com\/wp-content\/uploads\/2019\/11\/nosotros-serivicio-rincon-abuela-venezolana-barcelona-300x300.jpg 300w, https:\/\/elrincondelaabuelavenezolana.com\/wp-content\/uploads\/2019\/11\/nosotros-serivicio-rincon-abuela-venezolana-barcelona-150x150.jpg 150w, https:\/\/elrincondelaabuelavenezolana.com\/wp-content\/uploads\/2019\/11\/nosotros-serivicio-rincon-abuela-venezolana-barcelona-200x200.jpg 200w, https:\/\/elrincondelaabuelavenezolana.com\/wp-content\/uploads\/2019\/11\/nosotros-serivicio-rincon-abuela-venezolana-barcelona-600x600.jpg 600w, https:\/\/elrincondelaabuelavenezolana.com\/wp-content\/uploads\/2019\/11\/nosotros-serivicio-rincon-abuela-venezolana-barcelona-100x100.jpg 100w\" sizes=\"(max-width: 678px) 100vw, 678px\" \/>\t\t\t\t\t\t\t\t\t\t\t\t\t\t\t<\/div>\n\t\t\t\t<\/div>\n\t\t\t\t\t<\/div>\n\t\t<\/div>\n\t\t\t\t<div class=\"elementor-column elementor-col-50 elementor-top-column elementor-element elementor-element-8bca6ce elementor-invisible\" data-id=\"8bca6ce\" data-element_type=\"column\" data-e-type=\"column\" data-settings=\"{&quot;background_background&quot;:&quot;classic&quot;,&quot;animation&quot;:&quot;fadeIn&quot;,&quot;animation_delay&quot;:200}\">\n\t\t\t<div class=\"elementor-widget-wrap elementor-element-populated\">\n\t\t\t\t\t\t<div class=\"elementor-element elementor-element-0348f2e elementor-invisible elementor-widget elementor-widget-heading\" data-id=\"0348f2e\" data-element_type=\"widget\" data-e-type=\"widget\" data-settings=\"{&quot;_animation_delay&quot;:100,&quot;_animation&quot;:&quot;fadeInRight&quot;}\" data-widget_type=\"heading.default\">\n\t\t\t\t<div class=\"elementor-widget-container\">\n\t\t\t\t\t<h2 class=\"elementor-heading-title elementor-size-default\">OUR DESIRE<\/h2>\t\t\t\t<\/div>\n\t\t\t\t<\/div>\n\t\t\t\t<div class=\"elementor-element elementor-element-0ed2e98 elementor-invisible elementor-widget elementor-widget-heading\" data-id=\"0ed2e98\" data-element_type=\"widget\" data-e-type=\"widget\" data-settings=\"{&quot;_animation&quot;:&quot;fadeInUp&quot;}\" data-widget_type=\"heading.default\">\n\t\t\t\t<div class=\"elementor-widget-container\">\n\t\t\t\t\t<p class=\"elementor-heading-title elementor-size-default\">Es brindar a aquellas personas que nos seleccionen nuestra excelencia, dedicaci\u00f3n, calidad y seriedad en el servicio, pero sobre todo basado en el respeto mutuo, calidez, cordialidad, amabilidad y la responsabilidad que nos caracteriza. Queremos brindarte un pedacito de nuestra tierra a trav\u00e9s de la Felicidad.<\/p>\t\t\t\t<\/div>\n\t\t\t\t<\/div>\n\t\t\t\t<div class=\"elementor-element elementor-element-68c95a6 elementor-invisible elementor-widget elementor-widget-heading\" data-id=\"68c95a6\" data-element_type=\"widget\" data-e-type=\"widget\" data-settings=\"{&quot;_animation&quot;:&quot;fadeInUp&quot;}\" data-widget_type=\"heading.default\">\n\t\t\t\t<div class=\"elementor-widget-container\">\n\t\t\t\t\t<p class=\"elementor-heading-title elementor-size-default\">\u201c<b>\"This Corner is a Venezuelan Gastronomic Cultural Embassy.\"<\/b>\u201d<\/p>\t\t\t\t<\/div>\n\t\t\t\t<\/div>\n\t\t\t\t\t<\/div>\n\t\t<\/div>\n\t\t\t\t\t<\/div>\n\t\t<\/section>\n\t\t\t\t<\/div>","protected":false},"excerpt":{"rendered":"<p>NOSOTROS EL RINC\u00d3N DE LA ABUELA VENEZOLANA Est\u00e1 formada por una familia Venezolana, emprendedores, con calidad humana y residenciados en Barcelona, Espa\u00f1a, desde el a\u00f1o 2003. Tenemos m\u00e1s de 17 a\u00f1os de experiencia deleitando el paladar Venezolano, con exquisitos manjares que nos hacen transportar a nuestra tierra querida. La idea surgi\u00f3 por un antojito embarazoso [&hellip;]<\/p>\n","protected":false},"author":1,"featured_media":0,"parent":0,"menu_order":0,"comment_status":"closed","ping_status":"closed","template":"elementor_header_footer","meta":{"site-sidebar-layout":"default","site-content-layout":"","ast-site-content-layout":"default","site-content-style":"default","site-sidebar-style":"default","ast-global-header-display":"","ast-banner-title-visibility":"","ast-main-header-display":"","ast-hfb-above-header-display":"","ast-hfb-below-header-display":"","ast-hfb-mobile-header-display":"","site-post-title":"","ast-breadcrumbs-content":"","ast-featured-img":"","footer-sml-layout":"","ast-disable-related-posts":"","theme-transparent-header-meta":"","adv-header-id-meta":"","stick-header-meta":"","header-above-stick-meta":"","header-main-stick-meta":"","header-below-stick-meta":"","astra-migrate-meta-layouts":"default","ast-page-background-enabled":"default","ast-page-background-meta":{"desktop":{"background-color":"var(--ast-global-color-4)","background-image":"","background-repeat":"repeat","background-position":"center center","background-size":"auto","background-attachment":"scroll","background-type":"","background-media":"","overlay-type":"","overlay-color":"","overlay-opacity":"","overlay-gradient":""},"tablet":{"background-color":"","background-image":"","background-repeat":"repeat","background-position":"center center","background-size":"auto","background-attachment":"scroll","background-type":"","background-media":"","overlay-type":"","overlay-color":"","overlay-opacity":"","overlay-gradient":""},"mobile":{"background-color":"","background-image":"","background-repeat":"repeat","background-position":"center center","background-size":"auto","background-attachment":"scroll","background-type":"","background-media":"","overlay-type":"","overlay-color":"","overlay-opacity":"","overlay-gradient":""}},"ast-content-background-meta":{"desktop":{"background-color":"var(--ast-global-color-5)","background-image":"","background-repeat":"repeat","background-position":"center center","background-size":"auto","background-attachment":"scroll","background-type":"","background-media":"","overlay-type":"","overlay-color":"","overlay-opacity":"","overlay-gradient":""},"tablet":{"background-color":"var(--ast-global-color-5)","background-image":"","background-repeat":"repeat","background-position":"center center","background-size":"auto","background-attachment":"scroll","background-type":"","background-media":"","overlay-type":"","overlay-color":"","overlay-opacity":"","overlay-gradient":""},"mobile":{"background-color":"var(--ast-global-color-5)","background-image":"","background-repeat":"repeat","background-position":"center center","background-size":"auto","background-attachment":"scroll","background-type":"","background-media":"","overlay-type":"","overlay-color":"","overlay-opacity":"","overlay-gradient":""}},"footnotes":""},"class_list":["post-2603","page","type-page","status-publish","hentry"],"_links":{"self":[{"href":"https:\/\/elrincondelaabuelavenezolana.com\/en\/wp-json\/wp\/v2\/pages\/2603","targetHints":{"allow":["GET"]}}],"collection":[{"href":"https:\/\/elrincondelaabuelavenezolana.com\/en\/wp-json\/wp\/v2\/pages"}],"about":[{"href":"https:\/\/elrincondelaabuelavenezolana.com\/en\/wp-json\/wp\/v2\/types\/page"}],"author":[{"embeddable":true,"href":"https:\/\/elrincondelaabuelavenezolana.com\/en\/wp-json\/wp\/v2\/users\/1"}],"replies":[{"embeddable":true,"href":"https:\/\/elrincondelaabuelavenezolana.com\/en\/wp-json\/wp\/v2\/comments?post=2603"}],"version-history":[{"count":30,"href":"https:\/\/elrincondelaabuelavenezolana.com\/en\/wp-json\/wp\/v2\/pages\/2603\/revisions"}],"predecessor-version":[{"id":7916,"href":"https:\/\/elrincondelaabuelavenezolana.com\/en\/wp-json\/wp\/v2\/pages\/2603\/revisions\/7916"}],"wp:attachment":[{"href":"https:\/\/elrincondelaabuelavenezolana.com\/en\/wp-json\/wp\/v2\/media?parent=2603"}],"curies":[{"name":"wp","href":"https:\/\/api.w.org\/{rel}","templated":true}]}}