{"id":3358,"date":"2019-06-14T13:48:24","date_gmt":"2019-06-14T11:48:24","guid":{"rendered":"https:\/\/elrincondelaabuelavenezolana.com\/?page_id=3358"},"modified":"2021-01-28T01:48:42","modified_gmt":"2021-01-28T00:48:42","slug":"pago-seguro","status":"publish","type":"page","link":"https:\/\/elrincondelaabuelavenezolana.com\/en\/pago-seguro\/","title":{"rendered":"Secure Payment"},"content":{"rendered":"<h2>Secure payment and data protection<\/h2>\n<p>The Shop El Rinc\u00f3n de la Abuela Venezolana, guarantees the security of transactions and payments with our clients and we work with the safest payment methods. <strong>(VISA, PayPal, bank transfer).<\/strong><\/p>\n<p>La Tienda El Rinc\u00f3n de la Abuela Venezolana se compromete a <strong>no permitir<\/strong> ninguna transacci\u00f3n que sea ilegal, o se considere por las marcas de tarjetas de cr\u00e9dito o el banco adquiriente, que pueda o tenga el potencial de da\u00f1ar la buena voluntad de los mismos o influir de manera negativa en ellos.<\/p>\n<p><strong>Las siguientes actividades est\u00e1n prohibidas<\/strong> en virtud de los programas de las marcas de tarjetas: la venta u oferta de un producto o servicio que no sea de plena conformidad con todas las leyes aplicables al Comprador, Banco Emisor, Comerciante, Titular de la tarjeta, o tarjetas.<\/p>\n<p>Adem\u00e1s, las siguientes actividades tambi\u00e9n est\u00e1n prohibidas expl\u00edcitamente: <strong>\u00abVenta de bebidas alcoh\u00f3licas a menores de 18 a\u00f1os\u00bb.<\/strong><\/p>\n<p>No te preocupes por tus datos personales ya que est\u00e1n protegidos y asegurados mediante el certificado SSL. A continuaci\u00f3n os detallamos las diferentes formas de pago de las que dispone nuestra tienda:<\/p>\n<h3>Visa\/Mastercard\/Paypal<\/h3>\n<p><img decoding=\"async\" class=\"alignnone wp-image-3504 size-medium\" src=\"https:\/\/elrincondelaabuelavenezolana.com\/wp-content\/uploads\/2019\/07\/visa-mastercard-paypal-300x58.png\" alt=\"\" width=\"300\" height=\"58\" srcset=\"https:\/\/elrincondelaabuelavenezolana.com\/wp-content\/uploads\/2019\/07\/visa-mastercard-paypal-300x58.png 300w, https:\/\/elrincondelaabuelavenezolana.com\/wp-content\/uploads\/2019\/07\/visa-mastercard-paypal-600x116.png 600w, https:\/\/elrincondelaabuelavenezolana.com\/wp-content\/uploads\/2019\/07\/visa-mastercard-paypal.png 605w\" sizes=\"(max-width: 300px) 100vw, 300px\" \/><\/p>\n<p>On our website <a href=\"https:\/\/elrincondelaabuelavenezolana.com\/en\/\">https:\/\/elrincondelaabuelavenezolana.com<\/a> can be paid by credit card (Visa, Mastercard, etc.). We also offer the possibility of paying by Paypal, as it allows you to pay simply and securely without the need to create a new PayPal account.<\/p>\n<p>PayPal protects your financial information with industry-leading fraud prevention and security systems. PayPal is an internationally recognized online payment system. When PayPal is used, financial information is never shared with the seller. Once the payment is complete, the transaction receipt will be emailed to you.<\/p>\n<h2><strong>How to pay in our shop?<\/strong><\/h2>\n<p>Once your products have been selected in our shop, access the basket, confirm it and select the shipping system that best suits you.<\/p>\n<p>By accessing the next step you will be able to choose the form of payment. <strong>If your choice is PayPal<\/strong> follow the steps below:<\/p>\n<p>1. If you are already a registered PayPal user: enter your login details. In the next step you will be able to confirm the payment.<\/p>\n<p>2. If you are not a PayPal user: Click on the \"continue\" link located under the text \"Don't have a PayPal account?<\/p>\n<p>2.1. Enter your billing information: choose your credit card and after filling in the requested data click on \"review order and continue\".<\/p>\n<p>2.2. Review payment: At this point you will be able to review the payment. Once you have completed this step, click on \"Pay Now\" to finalize the transaction.<\/p>\n<h3><strong>Bank Transfer<\/strong><\/h3>\n<p>You can also make payments by bank transfer through the Spanish banking system.<\/p>\n<p>Bank transfer or account deposit is the preferred system for people who doubt the online payment or the use of credit card on the Internet. Payment by bank transfer or account deposit is the safest system, although it is gradually being relegated to second place due to the efficiency and speed of other forms of payment.<\/p>\n<p>The bank transfer or deposit in account supposes a delay in the management of your purchase, since the order will not enter in the process of preparation until the accomplishment of the transfer has been confirmed.<\/p>\n<p>The data you need to make the transfer will appear once the order is confirmed.<\/p>\n<p>We suggest that you include the order number or name of the buyer in the description of the banking transaction. You also have the option to email a copy of the receipt to the next Email: <a href=\"mailto:pedidos@elrincondelaabuelavenezolana.com\">pedidos@elrincondelaabuelavenezolana.com<\/a><\/p>\n<p>Bank transfers usually take between 1 and 2 working days.<\/p>\n<p>To finalize the purchase, you only have to place the order in the shopping cart and choose the method of payment by bank transfer. Once payment has been made, the order will automatically be sent. The possible cost of the transfer is borne by the customer.<\/p>\n<p><b><span style=\"font-family: arial, sans-serif;\">\u00abEste comerciante se compromete a no permitir ninguna transacci\u00f3n que sea ilegal, o se considere por las marcas de tarjetas de cr\u00e9dito o el banco adquiriente, que pueda o tenga el potencial de da\u00f1ar la buena voluntad de los mismos o influir de manera negativa en ellos. Las siguientes actividades est\u00e1n prohibidas en virtud de los programas de las marcas de tarjetas: la venta u oferta de un producto o servicio que no sea de plena conformidad con todas las leyes aplicables al Comprador, Banco Emisor, Comerciante, Titular de la tarjeta, o tarjetas. Adem\u00e1s, las siguientes actividades tambi\u00e9n est\u00e1n prohibidas expl\u00edcitamente: \u00abVenta de bebidas alcoh\u00f3licas a menores de 18 a\u00f1os\u00bb\u00bb.<\/span><\/b><\/p>","protected":false},"excerpt":{"rendered":"<p>Pago seguro y protecci\u00f3n de datos La Tienda El Rinc\u00f3n de la Abuela Venezolana garantiza la seguridad de las transacciones y pagos con nuestros clientes y trabajamos con los m\u00e9todos de pago m\u00e1s seguros (VISA, PayPal, transferencia bancaria). La Tienda El Rinc\u00f3n de la Abuela Venezolana se compromete a no permitir ninguna transacci\u00f3n que sea [&hellip;]<\/p>\n","protected":false},"author":1,"featured_media":0,"parent":0,"menu_order":0,"comment_status":"closed","ping_status":"closed","template":"templates\/template-full-width.php","meta":{"site-sidebar-layout":"default","site-content-layout":"","ast-site-content-layout":"default","site-content-style":"default","site-sidebar-style":"default","ast-global-header-display":"","ast-banner-title-visibility":"","ast-main-header-display":"","ast-hfb-above-header-display":"","ast-hfb-below-header-display":"","ast-hfb-mobile-header-display":"","site-post-title":"","ast-breadcrumbs-content":"","ast-featured-img":"","footer-sml-layout":"","ast-disable-related-posts":"","theme-transparent-header-meta":"","adv-header-id-meta":"","stick-header-meta":"","header-above-stick-meta":"","header-main-stick-meta":"","header-below-stick-meta":"","astra-migrate-meta-layouts":"default","ast-page-background-enabled":"default","ast-page-background-meta":{"desktop":{"background-color":"var(--ast-global-color-4)","background-image":"","background-repeat":"repeat","background-position":"center center","background-size":"auto","background-attachment":"scroll","background-type":"","background-media":"","overlay-type":"","overlay-color":"","overlay-opacity":"","overlay-gradient":""},"tablet":{"background-color":"","background-image":"","background-repeat":"repeat","background-position":"center center","background-size":"auto","background-attachment":"scroll","background-type":"","background-media":"","overlay-type":"","overlay-color":"","overlay-opacity":"","overlay-gradient":""},"mobile":{"background-color":"","background-image":"","background-repeat":"repeat","background-position":"center center","background-size":"auto","background-attachment":"scroll","background-type":"","background-media":"","overlay-type":"","overlay-color":"","overlay-opacity":"","overlay-gradient":""}},"ast-content-background-meta":{"desktop":{"background-color":"var(--ast-global-color-5)","background-image":"","background-repeat":"repeat","background-position":"center center","background-size":"auto","background-attachment":"scroll","background-type":"","background-media":"","overlay-type":"","overlay-color":"","overlay-opacity":"","overlay-gradient":""},"tablet":{"background-color":"var(--ast-global-color-5)","background-image":"","background-repeat":"repeat","background-position":"center center","background-size":"auto","background-attachment":"scroll","background-type":"","background-media":"","overlay-type":"","overlay-color":"","overlay-opacity":"","overlay-gradient":""},"mobile":{"background-color":"var(--ast-global-color-5)","background-image":"","background-repeat":"repeat","background-position":"center center","background-size":"auto","background-attachment":"scroll","background-type":"","background-media":"","overlay-type":"","overlay-color":"","overlay-opacity":"","overlay-gradient":""}},"footnotes":""},"class_list":["post-3358","page","type-page","status-publish","hentry"],"_links":{"self":[{"href":"https:\/\/elrincondelaabuelavenezolana.com\/en\/wp-json\/wp\/v2\/pages\/3358","targetHints":{"allow":["GET"]}}],"collection":[{"href":"https:\/\/elrincondelaabuelavenezolana.com\/en\/wp-json\/wp\/v2\/pages"}],"about":[{"href":"https:\/\/elrincondelaabuelavenezolana.com\/en\/wp-json\/wp\/v2\/types\/page"}],"author":[{"embeddable":true,"href":"https:\/\/elrincondelaabuelavenezolana.com\/en\/wp-json\/wp\/v2\/users\/1"}],"replies":[{"embeddable":true,"href":"https:\/\/elrincondelaabuelavenezolana.com\/en\/wp-json\/wp\/v2\/comments?post=3358"}],"version-history":[{"count":8,"href":"https:\/\/elrincondelaabuelavenezolana.com\/en\/wp-json\/wp\/v2\/pages\/3358\/revisions"}],"predecessor-version":[{"id":5705,"href":"https:\/\/elrincondelaabuelavenezolana.com\/en\/wp-json\/wp\/v2\/pages\/3358\/revisions\/5705"}],"wp:attachment":[{"href":"https:\/\/elrincondelaabuelavenezolana.com\/en\/wp-json\/wp\/v2\/media?parent=3358"}],"curies":[{"name":"wp","href":"https:\/\/api.w.org\/{rel}","templated":true}]}}