{"id":1204,"date":"2018-03-04T13:44:34","date_gmt":"2018-03-04T12:44:34","guid":{"rendered":"https:\/\/elrincondelaabuelavenezolana.com\/?post_type=product&#038;p=1204"},"modified":"2023-12-11T08:54:44","modified_gmt":"2023-12-11T07:54:44","slug":"malta-regional-botella-250ml","status":"publish","type":"product","link":"https:\/\/elrincondelaabuelavenezolana.com\/en\/product\/malta-regional-botella-250ml\/","title":{"rendered":"Malta Regional<br>Bottle 250ml"},"content":{"rendered":"<p>Malta Regional is a refreshing malt with a unique taste, always with the characteristic Venezuelan style. It is a carbonated Venezuelan malt drink that does not contain alcohol.<\/p>\n<p>It is made with water, malted barley, caramel or corn and carbonic gas, which is what provides the bubbles to the drink.<\/p>\n<p>Malt is a kind of soda drink. It is a carbonated malt drink, that is, it is prepared from barley, hops and water like beer; it can also carry corn and caramel color. However, malt does not contain alcohol and is consumed in the same way as soda or cola in its original carbonated form and, to some extent, as iced tea in non-carbonated form.<\/p>\n<p>En otras palabras, la malta es una cerveza que no ha sido fermentada. Es similar en color al stout (marr\u00f3n oscuro) pero es muy dulce, generalmente se dice que sabe a melaza. A diferencia de la cerveza, a menudo se a\u00f1ade hielo a la malta cuando se consume. Los latinoamericanos a veces beben la malta mezcl\u00e1ndola con leche condensada, leche evaporada o leche l\u00edquida, en cuyo caso la hacen llamar \u00ableche malteada\u00bb (no confundir con malteada).<\/p>\n<p><strong>Packaging:<\/strong>\u00a0250ml.<\/p>","protected":false},"excerpt":{"rendered":"<p>Malta Regional is a refreshing malt with a unique taste, always with the characteristic Venezuelan style. It is a carbonated Venezuelan malt drink that does not contain alcohol and is made with water, malted barley, caramel or corn and carbonic gas, which is what gives the bubbles to the drink.<br \/>\n<strong>Presentaci\u00f3n: 250ml<\/strong><\/p>","protected":false},"featured_media":2694,"template":"","meta":{"site-sidebar-layout":"default","site-content-layout":"default","ast-site-content-layout":"default","site-content-style":"default","site-sidebar-style":"default","ast-global-header-display":"","ast-banner-title-visibility":"","ast-main-header-display":"","ast-hfb-above-header-display":"","ast-hfb-below-header-display":"","ast-hfb-mobile-header-display":"","site-post-title":"","ast-breadcrumbs-content":"","ast-featured-img":"","footer-sml-layout":"","ast-disable-related-posts":"","theme-transparent-header-meta":"default","adv-header-id-meta":"","stick-header-meta":"","header-above-stick-meta":"","header-main-stick-meta":"","header-below-stick-meta":"","astra-migrate-meta-layouts":"default","ast-page-background-enabled":"default","ast-page-background-meta":{"desktop":{"background-color":"var(--ast-global-color-4)","background-image":"","background-repeat":"repeat","background-position":"center center","background-size":"auto","background-attachment":"scroll","background-type":"","background-media":"","overlay-type":"","overlay-color":"","overlay-opacity":"","overlay-gradient":""},"tablet":{"background-color":"","background-image":"","background-repeat":"repeat","background-position":"center center","background-size":"auto","background-attachment":"scroll","background-type":"","background-media":"","overlay-type":"","overlay-color":"","overlay-opacity":"","overlay-gradient":""},"mobile":{"background-color":"","background-image":"","background-repeat":"repeat","background-position":"center center","background-size":"auto","background-attachment":"scroll","background-type":"","background-media":"","overlay-type":"","overlay-color":"","overlay-opacity":"","overlay-gradient":""}},"ast-content-background-meta":{"desktop":{"background-color":"var(--ast-global-color-5)","background-image":"","background-repeat":"repeat","background-position":"center center","background-size":"auto","background-attachment":"scroll","background-type":"","background-media":"","overlay-type":"","overlay-color":"","overlay-opacity":"","overlay-gradient":""},"tablet":{"background-color":"var(--ast-global-color-5)","background-image":"","background-repeat":"repeat","background-position":"center center","background-size":"auto","background-attachment":"scroll","background-type":"","background-media":"","overlay-type":"","overlay-color":"","overlay-opacity":"","overlay-gradient":""},"mobile":{"background-color":"var(--ast-global-color-5)","background-image":"","background-repeat":"repeat","background-position":"center center","background-size":"auto","background-attachment":"scroll","background-type":"","background-media":"","overlay-type":"","overlay-color":"","overlay-opacity":"","overlay-gradient":""}}},"product_brand":[],"product_cat":[213],"product_tag":[78,79,148,149,150,189],"class_list":{"0":"post-1204","1":"product","2":"type-product","3":"status-publish","4":"has-post-thumbnail","6":"product_cat-bebidas","7":"product_tag-bebida-carbonatada","8":"product_tag-bebida-sin-alcohol","9":"product_tag-malta","10":"product_tag-malta-regional","11":"product_tag-malta-sin-alcohol","12":"product_tag-regional","13":"desktop-align-left","14":"tablet-align-left","15":"mobile-align-left","17":"first","18":"outofstock","19":"taxable","20":"shipping-taxable","21":"purchasable","22":"product-type-simple"},"group_of_quantity":0,"min_quantity":0,"max_quantity":"","exclude_order_quantity_value_rules":"no","exclude_category_quantity_rules":"no","combine_variations":"no","_links":{"self":[{"href":"https:\/\/elrincondelaabuelavenezolana.com\/en\/wp-json\/wp\/v2\/product\/1204","targetHints":{"allow":["GET"]}}],"collection":[{"href":"https:\/\/elrincondelaabuelavenezolana.com\/en\/wp-json\/wp\/v2\/product"}],"about":[{"href":"https:\/\/elrincondelaabuelavenezolana.com\/en\/wp-json\/wp\/v2\/types\/product"}],"wp:featuredmedia":[{"embeddable":true,"href":"https:\/\/elrincondelaabuelavenezolana.com\/en\/wp-json\/wp\/v2\/media\/2694"}],"wp:attachment":[{"href":"https:\/\/elrincondelaabuelavenezolana.com\/en\/wp-json\/wp\/v2\/media?parent=1204"}],"wp:term":[{"taxonomy":"product_brand","embeddable":true,"href":"https:\/\/elrincondelaabuelavenezolana.com\/en\/wp-json\/wp\/v2\/product_brand?post=1204"},{"taxonomy":"product_cat","embeddable":true,"href":"https:\/\/elrincondelaabuelavenezolana.com\/en\/wp-json\/wp\/v2\/product_cat?post=1204"},{"taxonomy":"product_tag","embeddable":true,"href":"https:\/\/elrincondelaabuelavenezolana.com\/en\/wp-json\/wp\/v2\/product_tag?post=1204"}],"curies":[{"name":"wp","href":"https:\/\/api.w.org\/{rel}","templated":true}]}}