{"id":1356,"date":"2018-03-09T20:43:13","date_gmt":"2018-03-09T19:43:13","guid":{"rendered":"https:\/\/elrincondelaabuelavenezolana.com\/?post_type=product&#038;p=1356"},"modified":"2025-11-18T16:13:48","modified_gmt":"2025-11-18T15:13:48","slug":"cerveza-zulia-botella-300ml","status":"publish","type":"product","link":"https:\/\/elrincondelaabuelavenezolana.com\/en\/product\/cerveza-zulia-botella-300ml\/","title":{"rendered":"Zulia Beer<br>Bottle 300ml"},"content":{"rendered":"<p>Produced and distributed by Cervecer\u00eda Regional, Cerveza Zulia is a Pilsen-type beer, with an alcohol content of 4.5%, a balanced taste due to its smoothness and unbeatable texture.<\/p>\n<p>After the creation of the brewery that bears the same name, the history of the Zulia Beer begins in 1925. Four years later, Cervecer\u00eda Zulia merged with Cervecer\u00eda Maracaibo to form Cervecer\u00edas Unidas Zulia and Maracaibo, the company in charge of beer production and distribution. In 1945, the company shortened its name to Cervecer\u00eda Zulia again and ten years later became part of C.A Cervecera Nacional. In 1994, after the acquisition of this brewery, Cerveza Zulia now belongs to Ambev Venezuela's portfolio.\n\nTranslated with www.DeepL.com\/Translator<\/p>\n<p>After years of absence, in 2008 the Zulia Beer is re-launched on the market. At first it was destined to be an unlimited edition, but due to the success obtained, it was decided to continue its elaboration and it continued to be released to the market. It is currently produced and distributed by C.A Cervecer\u00eda Regional, a company that was founded in the city of Maracaibo, Zulia, on May 14, 1929 and acquired the brand in 2012.\n\nTranslated with www.DeepL.com\/Translator<\/p>\n<p><strong>Ingredients:<\/strong> Water, malted barley, cereals, hops and stabilisers.<\/p>\n<p><strong>Alcoholic strength: 4.5\u00ba<\/strong><\/p>\n<p><strong>Packaging:<\/strong>\u00a0Bottle 300ml<\/p>","protected":false},"excerpt":{"rendered":"<p>Produced and distributed by Cervecer\u00eda Regional, <strong>Zulia Beer<\/strong> is a Pilsen type beer, with 4.5% alcohol content, balanced taste for its smoothness and unmatched texture.<br \/>\n<strong>Packaging: Bottle 300ml<\/strong><\/p>","protected":false},"featured_media":7582,"template":"","meta":{"site-sidebar-layout":"default","site-content-layout":"default","ast-site-content-layout":"default","site-content-style":"default","site-sidebar-style":"default","ast-global-header-display":"","ast-banner-title-visibility":"","ast-main-header-display":"","ast-hfb-above-header-display":"","ast-hfb-below-header-display":"","ast-hfb-mobile-header-display":"","site-post-title":"","ast-breadcrumbs-content":"","ast-featured-img":"","footer-sml-layout":"","ast-disable-related-posts":"","theme-transparent-header-meta":"default","adv-header-id-meta":"","stick-header-meta":"","header-above-stick-meta":"","header-main-stick-meta":"","header-below-stick-meta":"","astra-migrate-meta-layouts":"default","ast-page-background-enabled":"default","ast-page-background-meta":{"desktop":{"background-color":"var(--ast-global-color-4)","background-image":"","background-repeat":"repeat","background-position":"center center","background-size":"auto","background-attachment":"scroll","background-type":"","background-media":"","overlay-type":"","overlay-color":"","overlay-opacity":"","overlay-gradient":""},"tablet":{"background-color":"","background-image":"","background-repeat":"repeat","background-position":"center center","background-size":"auto","background-attachment":"scroll","background-type":"","background-media":"","overlay-type":"","overlay-color":"","overlay-opacity":"","overlay-gradient":""},"mobile":{"background-color":"","background-image":"","background-repeat":"repeat","background-position":"center center","background-size":"auto","background-attachment":"scroll","background-type":"","background-media":"","overlay-type":"","overlay-color":"","overlay-opacity":"","overlay-gradient":""}},"ast-content-background-meta":{"desktop":{"background-color":"var(--ast-global-color-5)","background-image":"","background-repeat":"repeat","background-position":"center center","background-size":"auto","background-attachment":"scroll","background-type":"","background-media":"","overlay-type":"","overlay-color":"","overlay-opacity":"","overlay-gradient":""},"tablet":{"background-color":"var(--ast-global-color-5)","background-image":"","background-repeat":"repeat","background-position":"center center","background-size":"auto","background-attachment":"scroll","background-type":"","background-media":"","overlay-type":"","overlay-color":"","overlay-opacity":"","overlay-gradient":""},"mobile":{"background-color":"var(--ast-global-color-5)","background-image":"","background-repeat":"repeat","background-position":"center center","background-size":"auto","background-attachment":"scroll","background-type":"","background-media":"","overlay-type":"","overlay-color":"","overlay-opacity":"","overlay-gradient":""}}},"product_brand":[],"product_cat":[212],"product_tag":[90,91,94,95,207],"class_list":{"0":"post-1356","1":"product","2":"type-product","3":"status-publish","4":"has-post-thumbnail","6":"product_cat-cervezas","7":"product_tag-cerveza","8":"product_tag-cerveza-botella","9":"product_tag-cerveza-venezolana","10":"product_tag-cerveza-zulia","11":"product_tag-zulia","12":"desktop-align-left","13":"tablet-align-left","14":"mobile-align-left","16":"first","17":"outofstock","18":"sale","19":"taxable","20":"shipping-taxable","21":"purchasable","22":"product-type-simple"},"group_of_quantity":0,"min_quantity":0,"max_quantity":"","exclude_order_quantity_value_rules":"no","exclude_category_quantity_rules":"no","combine_variations":"no","_links":{"self":[{"href":"https:\/\/elrincondelaabuelavenezolana.com\/en\/wp-json\/wp\/v2\/product\/1356","targetHints":{"allow":["GET"]}}],"collection":[{"href":"https:\/\/elrincondelaabuelavenezolana.com\/en\/wp-json\/wp\/v2\/product"}],"about":[{"href":"https:\/\/elrincondelaabuelavenezolana.com\/en\/wp-json\/wp\/v2\/types\/product"}],"wp:featuredmedia":[{"embeddable":true,"href":"https:\/\/elrincondelaabuelavenezolana.com\/en\/wp-json\/wp\/v2\/media\/7582"}],"wp:attachment":[{"href":"https:\/\/elrincondelaabuelavenezolana.com\/en\/wp-json\/wp\/v2\/media?parent=1356"}],"wp:term":[{"taxonomy":"product_brand","embeddable":true,"href":"https:\/\/elrincondelaabuelavenezolana.com\/en\/wp-json\/wp\/v2\/product_brand?post=1356"},{"taxonomy":"product_cat","embeddable":true,"href":"https:\/\/elrincondelaabuelavenezolana.com\/en\/wp-json\/wp\/v2\/product_cat?post=1356"},{"taxonomy":"product_tag","embeddable":true,"href":"https:\/\/elrincondelaabuelavenezolana.com\/en\/wp-json\/wp\/v2\/product_tag?post=1356"}],"curies":[{"name":"wp","href":"https:\/\/api.w.org\/{rel}","templated":true}]}}