{"id":5118,"date":"2020-10-09T19:40:02","date_gmt":"2020-10-09T17:40:02","guid":{"rendered":"https:\/\/elrincondelaabuelavenezolana.com\/?post_type=product&#038;p=5118"},"modified":"2025-08-29T11:26:54","modified_gmt":"2025-08-29T09:26:54","slug":"frijoles-negros-goya-500gr","status":"publish","type":"product","link":"https:\/\/elrincondelaabuelavenezolana.com\/en\/product\/frijoles-negros-goya-500gr\/","title":{"rendered":"Frijoles Negros GOYA. <br> Empaque 500g"},"content":{"rendered":"<p>Los frijoles negros est\u00e1n muy presentes en la cocina cubana, colombiana, venezolana y otras regiones de\u00a0Latinoam\u00e9rica, y cada vez se pueden encontrar en otros pa\u00edses del mundo.<\/p>\n<p>Tambi\u00e9n llamado caraotas o porotos. Se utilizan en diversos platos como sopas, caldos, refritos o tambi\u00e9n como acompa\u00f1ante del arroz blanco.<\/p>\n<p>Esta legumbre destaca por ser una excelente fuente de energ\u00eda, prote\u00ednas y fibra, adem\u00e1s de vitaminas y minerales. Sin embargo, los\u00a0<strong>beneficios para la salud de los frijoles negros<\/strong>\u00a0son mayores por su alta concentraci\u00f3n de antocianinas. Las antocianinas son pigmentos flavonoides que dan color a muchos frutos negros, bayas y legumbres, y ofrecen grandes\u00a0beneficios para la salud.<\/p>\n<p><strong>Presentaci\u00f3n: 500gr<\/strong><img \/><\/p>\n<div id=\"ventanamailtotoModal\">\n<div id=\"ventanamailtopopupModalContent\"><\/div>\n<\/div>","protected":false},"excerpt":{"rendered":"<p>Los frijoles negros est\u00e1n muy presentes en la cocina cubana, colombiana, venezolana y otras regiones de\u00a0Latinoam\u00e9rica, y cada vez se pueden encontrar en otros pa\u00edses del mundo.<\/p>\n<p>Tambi\u00e9n llamado caraotas o porotos. Se utilizan en diversos platos como sopas, caldos, refritos o tambi\u00e9n como acompa\u00f1ante del arroz blanco.<\/p>\n<p><strong>Presentaci\u00f3n: 500gr<\/strong><\/p>","protected":false},"featured_media":6252,"template":"","meta":{"site-sidebar-layout":"default","site-content-layout":"default","ast-site-content-layout":"default","site-content-style":"default","site-sidebar-style":"default","ast-global-header-display":"","ast-banner-title-visibility":"","ast-main-header-display":"","ast-hfb-above-header-display":"","ast-hfb-below-header-display":"","ast-hfb-mobile-header-display":"","site-post-title":"","ast-breadcrumbs-content":"","ast-featured-img":"","footer-sml-layout":"","ast-disable-related-posts":"","theme-transparent-header-meta":"default","adv-header-id-meta":"","stick-header-meta":"","header-above-stick-meta":"","header-main-stick-meta":"","header-below-stick-meta":"","astra-migrate-meta-layouts":"default","ast-page-background-enabled":"default","ast-page-background-meta":{"desktop":{"background-color":"var(--ast-global-color-4)","background-image":"","background-repeat":"repeat","background-position":"center center","background-size":"auto","background-attachment":"scroll","background-type":"","background-media":"","overlay-type":"","overlay-color":"","overlay-opacity":"","overlay-gradient":""},"tablet":{"background-color":"","background-image":"","background-repeat":"repeat","background-position":"center center","background-size":"auto","background-attachment":"scroll","background-type":"","background-media":"","overlay-type":"","overlay-color":"","overlay-opacity":"","overlay-gradient":""},"mobile":{"background-color":"","background-image":"","background-repeat":"repeat","background-position":"center center","background-size":"auto","background-attachment":"scroll","background-type":"","background-media":"","overlay-type":"","overlay-color":"","overlay-opacity":"","overlay-gradient":""}},"ast-content-background-meta":{"desktop":{"background-color":"var(--ast-global-color-5)","background-image":"","background-repeat":"repeat","background-position":"center center","background-size":"auto","background-attachment":"scroll","background-type":"","background-media":"","overlay-type":"","overlay-color":"","overlay-opacity":"","overlay-gradient":""},"tablet":{"background-color":"var(--ast-global-color-5)","background-image":"","background-repeat":"repeat","background-position":"center center","background-size":"auto","background-attachment":"scroll","background-type":"","background-media":"","overlay-type":"","overlay-color":"","overlay-opacity":"","overlay-gradient":""},"mobile":{"background-color":"var(--ast-global-color-5)","background-image":"","background-repeat":"repeat","background-position":"center center","background-size":"auto","background-attachment":"scroll","background-type":"","background-media":"","overlay-type":"","overlay-color":"","overlay-opacity":"","overlay-gradient":""}}},"product_brand":[],"product_cat":[405],"product_tag":[408,407,406,409,410],"class_list":{"0":"post-5118","1":"product","2":"type-product","3":"status-publish","4":"has-post-thumbnail","6":"product_cat-pan-y-granos","7":"product_tag-caraotas","8":"product_tag-caraotas-negras","9":"product_tag-frijoles-negros","10":"product_tag-porotos","11":"product_tag-porotos-negros","12":"desktop-align-left","13":"tablet-align-left","14":"mobile-align-left","16":"first","17":"outofstock","18":"taxable","19":"shipping-taxable","20":"purchasable","21":"product-type-simple"},"group_of_quantity":0,"min_quantity":0,"max_quantity":"","exclude_order_quantity_value_rules":"no","exclude_category_quantity_rules":"no","combine_variations":"no","_links":{"self":[{"href":"https:\/\/elrincondelaabuelavenezolana.com\/en\/wp-json\/wp\/v2\/product\/5118","targetHints":{"allow":["GET"]}}],"collection":[{"href":"https:\/\/elrincondelaabuelavenezolana.com\/en\/wp-json\/wp\/v2\/product"}],"about":[{"href":"https:\/\/elrincondelaabuelavenezolana.com\/en\/wp-json\/wp\/v2\/types\/product"}],"wp:featuredmedia":[{"embeddable":true,"href":"https:\/\/elrincondelaabuelavenezolana.com\/en\/wp-json\/wp\/v2\/media\/6252"}],"wp:attachment":[{"href":"https:\/\/elrincondelaabuelavenezolana.com\/en\/wp-json\/wp\/v2\/media?parent=5118"}],"wp:term":[{"taxonomy":"product_brand","embeddable":true,"href":"https:\/\/elrincondelaabuelavenezolana.com\/en\/wp-json\/wp\/v2\/product_brand?post=5118"},{"taxonomy":"product_cat","embeddable":true,"href":"https:\/\/elrincondelaabuelavenezolana.com\/en\/wp-json\/wp\/v2\/product_cat?post=5118"},{"taxonomy":"product_tag","embeddable":true,"href":"https:\/\/elrincondelaabuelavenezolana.com\/en\/wp-json\/wp\/v2\/product_tag?post=5118"}],"curies":[{"name":"wp","href":"https:\/\/api.w.org\/{rel}","templated":true}]}}