{"id":5652,"date":"2021-01-26T23:49:41","date_gmt":"2021-01-26T22:49:41","guid":{"rendered":"https:\/\/elrincondelaabuelavenezolana.com\/?post_type=product&#038;p=5652"},"modified":"2026-02-10T13:49:28","modified_gmt":"2026-02-10T12:49:28","slug":"galletas-festival-vainilla-paqt-34g","status":"publish","type":"product","link":"https:\/\/elrincondelaabuelavenezolana.com\/en\/product\/galletas-festival-vainilla-paqt-34g\/","title":{"rendered":"Galletas Festival Vainilla<br>Empaque 34gr"},"content":{"rendered":"<p>Textura suave, con todo el sabor a Vainilla, la mezcla perfecta entre un relleno cremoso y una envoltura de galleta dulce crujiente, la Galleta Festival de Vainilla,\u00a0 es el postre perfecto para que lleves a donde desees.<\/p>\n<p>Ingredientes: harina enriquecida , hierro , riboflavina , tiamina , niacina , az\u00facar , grasa vegetal de palma , almid\u00f3n de yuca , agua , az\u00facar invertido , emulsificante e-322 , \u00e1cido f\u00f3lico , sal , leudante quimico e-500 , aditivo e-341 , saborizante artificial , acidulante e-330 , colorante e-120 , colorante e-100.<\/p>\n<p><strong>Presentaci\u00f3n: Empaque 34gr<\/strong><\/p>\n<div id=\"ventanamailtotoModal\">\n<div id=\"ventanamailtopopupModalContent\">\n<div id=\"ventanamailtopopupMailModalCloseTo\"><\/div>\n<p>&nbsp;<\/p>\n<\/div>\n<\/div>\n<div><img \/><\/div>","protected":false},"excerpt":{"rendered":"<p>Galletas Festival con Sabor a Vainilla.<\/p>\n<p><strong>Presentaci\u00f3n: Empaque 34gr<\/strong><\/p>\n<div id=\"ventanamailtotoModal\">\n<div id=\"ventanamailtopopupModalContent\">\n<div id=\"ventanamailtopopupMailModalCloseTo\"><\/div>\n<div id=\"ventanamailtopopupQuestionToMail\">What do you want to do ?<\/div>\n<p><a id=\"ventanamailtoappCreateNew\"><\/a>New mail<button id=\"ventanamailtoemailCopy\">Copy<\/button><textarea id=\"ventanamailtoareaSelectTextTo\"><\/textarea><\/p>\n<\/div>\n<\/div>\n<div><img \/><\/div>","protected":false},"featured_media":5653,"template":"","meta":{"site-sidebar-layout":"default","site-content-layout":"default","ast-site-content-layout":"default","site-content-style":"default","site-sidebar-style":"default","ast-global-header-display":"","ast-banner-title-visibility":"","ast-main-header-display":"","ast-hfb-above-header-display":"","ast-hfb-below-header-display":"","ast-hfb-mobile-header-display":"","site-post-title":"","ast-breadcrumbs-content":"","ast-featured-img":"","footer-sml-layout":"","ast-disable-related-posts":"","theme-transparent-header-meta":"default","adv-header-id-meta":"","stick-header-meta":"","header-above-stick-meta":"","header-main-stick-meta":"","header-below-stick-meta":"","astra-migrate-meta-layouts":"default","ast-page-background-enabled":"default","ast-page-background-meta":{"desktop":{"background-color":"var(--ast-global-color-4)","background-image":"","background-repeat":"repeat","background-position":"center center","background-size":"auto","background-attachment":"scroll","background-type":"","background-media":"","overlay-type":"","overlay-color":"","overlay-opacity":"","overlay-gradient":""},"tablet":{"background-color":"","background-image":"","background-repeat":"repeat","background-position":"center center","background-size":"auto","background-attachment":"scroll","background-type":"","background-media":"","overlay-type":"","overlay-color":"","overlay-opacity":"","overlay-gradient":""},"mobile":{"background-color":"","background-image":"","background-repeat":"repeat","background-position":"center center","background-size":"auto","background-attachment":"scroll","background-type":"","background-media":"","overlay-type":"","overlay-color":"","overlay-opacity":"","overlay-gradient":""}},"ast-content-background-meta":{"desktop":{"background-color":"var(--ast-global-color-5)","background-image":"","background-repeat":"repeat","background-position":"center center","background-size":"auto","background-attachment":"scroll","background-type":"","background-media":"","overlay-type":"","overlay-color":"","overlay-opacity":"","overlay-gradient":""},"tablet":{"background-color":"var(--ast-global-color-5)","background-image":"","background-repeat":"repeat","background-position":"center center","background-size":"auto","background-attachment":"scroll","background-type":"","background-media":"","overlay-type":"","overlay-color":"","overlay-opacity":"","overlay-gradient":""},"mobile":{"background-color":"var(--ast-global-color-5)","background-image":"","background-repeat":"repeat","background-position":"center center","background-size":"auto","background-attachment":"scroll","background-type":"","background-media":"","overlay-type":"","overlay-color":"","overlay-opacity":"","overlay-gradient":""}}},"product_brand":[],"product_cat":[214],"product_tag":[502,117,119,504,503,191],"class_list":{"0":"post-5652","1":"product","2":"type-product","3":"status-publish","4":"has-post-thumbnail","6":"product_cat-chucherias","7":"product_tag-festival","8":"product_tag-fresa","9":"product_tag-galletas","10":"product_tag-galletas-festival","11":"product_tag-galletas-fresa","12":"product_tag-relleno-de-fresa","13":"desktop-align-left","14":"tablet-align-left","15":"mobile-align-left","17":"first","18":"outofstock","19":"taxable","20":"shipping-taxable","21":"purchasable","22":"product-type-simple"},"group_of_quantity":0,"min_quantity":0,"max_quantity":"","exclude_order_quantity_value_rules":"no","exclude_category_quantity_rules":"no","combine_variations":"no","_links":{"self":[{"href":"https:\/\/elrincondelaabuelavenezolana.com\/en\/wp-json\/wp\/v2\/product\/5652","targetHints":{"allow":["GET"]}}],"collection":[{"href":"https:\/\/elrincondelaabuelavenezolana.com\/en\/wp-json\/wp\/v2\/product"}],"about":[{"href":"https:\/\/elrincondelaabuelavenezolana.com\/en\/wp-json\/wp\/v2\/types\/product"}],"wp:featuredmedia":[{"embeddable":true,"href":"https:\/\/elrincondelaabuelavenezolana.com\/en\/wp-json\/wp\/v2\/media\/5653"}],"wp:attachment":[{"href":"https:\/\/elrincondelaabuelavenezolana.com\/en\/wp-json\/wp\/v2\/media?parent=5652"}],"wp:term":[{"taxonomy":"product_brand","embeddable":true,"href":"https:\/\/elrincondelaabuelavenezolana.com\/en\/wp-json\/wp\/v2\/product_brand?post=5652"},{"taxonomy":"product_cat","embeddable":true,"href":"https:\/\/elrincondelaabuelavenezolana.com\/en\/wp-json\/wp\/v2\/product_cat?post=5652"},{"taxonomy":"product_tag","embeddable":true,"href":"https:\/\/elrincondelaabuelavenezolana.com\/en\/wp-json\/wp\/v2\/product_tag?post=5652"}],"curies":[{"name":"wp","href":"https:\/\/api.w.org\/{rel}","templated":true}]}}