{"id":5711,"date":"2021-01-28T10:26:53","date_gmt":"2021-01-28T09:26:53","guid":{"rendered":"https:\/\/elrincondelaabuelavenezolana.com\/?post_type=product&#038;p=5711"},"modified":"2024-05-10T00:21:55","modified_gmt":"2024-05-09T22:21:55","slug":"budare-erreke-3kg","status":"publish","type":"product","link":"https:\/\/elrincondelaabuelavenezolana.com\/en\/product\/budare-erreke-3kg\/","title":{"rendered":"BUDARE Campo Verde<br>Peso 3kg"},"content":{"rendered":"<p><strong>Budare Para Arepas\u00a0<\/strong><\/p>\n<ul class=\"a-unordered-list a-vertical a-spacing-mini\">\n<li><span class=\"a-list-item\">\u2714 Concepto Venezolano redise\u00f1ado en Espa\u00f1a: Erreke ha tomado como inspiraci\u00f3n el cl\u00e1sico budare venezolano para dise\u00f1ar esta nueva versi\u00f3n disponible en el mercado Europeo; una soluci\u00f3n para todas las personas que quieran preparar arepas con el mejor sabor y un tostado inigualable.\u00a0<\/span><\/li>\n<li><span class=\"a-list-item\">\u2714 Capa de precurado antiadherente, sin necesidad de aceite: Se ha aplicado una capa de precurado antiadherente, principalmente de aceite vegetal en toda el \u00e1rea superior del budare, de forma que no tengas que utilizar ning\u00fan tipo de aceite y que tus arepas nunca se peguen.<\/span><\/li>\n<li><span class=\"a-list-item\">\u2714 El mejor sabor posible para tu arepa:\u00a0Los paladares mas exigentes siempre han asegurado que nada supera una arepa de budare en materia de sabor y nosotros en Erreke coincidimos totalmente. Mientras mas usas este budare, mejor sabor tienen tus arepas. El sabor y textura de una arepa hecha en budare es inmejorable; la temperatura alcanza de una forma uniforme todas las \u00e1reas del budare.<\/span><\/li>\n<li><span class=\"a-list-item\">\u2714 M\u00faltiples usos:\u00a0Tambi\u00e9n puedes utilizar este producto como una sart\u00e9n para sellar carnes o pollos, y luego finalizar la cocci\u00f3n en el horno. Hemos colocado una tradicional punta trasera a sellar bien por cada lado y luego al horno a 120 grados Celsius por 2 horas, al sacarla esperamos 10 minutos para que se asienten los jugos: Los resultados han sido incre\u00edbles.<\/span><\/li>\n<li><span class=\"a-list-item\">\u2714 Satisfacci\u00f3n 100% garantizada:\u00a0Tenemos tanta confianza en la calidad y funcionalidad de este producto que hemos decidido ofrecer un reembolso del 100%, dentro de los 30 d\u00edas posteriores a la compra, en caso de que no est\u00e9s completamente satisfecho con tu compra. Contacta con nuestro servicio de atenci\u00f3n al cliente para m\u00e1s informaci\u00f3n.\u00a0<\/span><\/li>\n<\/ul>\n<p><strong>Proceso de curado<\/strong><\/p>\n<p>Para preservar las propiedades antiadherentes recomendamos reaplicar el proceso de curado cada cierto tiempo. El m\u00e9todo es muy simple: Aplica un poco de aceite vegetal y esp\u00e1rcelo sobre la superficie superior del budare. M\u00e9telo al horno a la temperatura mas alta y d\u00e9jalo ah\u00ed unos 30 minutos que estar\u00e1 listo.<\/p>\n<p>&nbsp;<\/p>\n<p><strong>Recomendaciones de cuidado y limpieza<\/strong><\/p>\n<p>\u2605 El secreto est\u00e1 en nunca usar jab\u00f3n ni lava vajillas para lavar tu budare.<\/p>\n<p>M\u00e9todo 1: Luego del uso, calienta un poco tu budare y coloca un buen pu\u00f1ado de sal, apaga el fuego y con la ayuda de un papel absorbente limpia la superficie. Retira la sal. Tu budare est\u00e1 listo para el pr\u00f3ximo uso.<\/p>\n<p>M\u00e9todo 2: Espera que tu budare se enfr\u00ede un poco y ponlo abajo del grifo de agua, utiliza un cepillo fuerte para limpiar la superficie. No utilices jab\u00f3n o ning\u00fan tipo de detergentes, ni lo metas al lavavajillas.<\/p>\n<p><strong>Muy importante:\u00a0<\/strong>Para secar tu budare siempre recomendamos que lo pongas por unos minutos sobre la cocina encendida, para que se evapore el excedente de agua. Es muy importante que no quede h\u00famedo, el hierro fundido virgen puede oxidarse.<\/p>\n<p>Si se ha oxidado alguna parte que ha quedado h\u00fameda no hay problema, solo debes usar un estropajo met\u00e1lico para retirar el \u00f3xido y curar de nuevo.<\/p>\n<p><strong>Contenido del paquete<\/strong><\/p>\n<p>1x Budare<\/p>\n<p><strong>Informaci\u00f3n sobre el producto<\/strong><\/p>\n<p>Material: 100% hierro fundido, no se dobla, pr\u00e1cticamente irrompible.<\/p>\n<p>Dimensiones: 26 cm de di\u00e1metro<\/p>\n<p>Peso: 3.0 kg<\/p>\n<p>Apto para: Hornos y cocinas de inducci\u00f3n, el\u00e9ctricas, gas, hornos, carb\u00f3n, la parrillera en la playa con una buena polarcita.<\/p>","protected":false},"excerpt":{"rendered":"<p><strong>Budare para Arepas, Pre Curado Antiadherente, Capacidad para 3 Arepas, Apto para Todos los Tipos de Cocina y Horno, 100% Hierro Fundido<\/strong><\/p>","protected":false},"featured_media":5712,"template":"","meta":{"site-sidebar-layout":"default","site-content-layout":"default","ast-site-content-layout":"default","site-content-style":"default","site-sidebar-style":"default","ast-global-header-display":"","ast-banner-title-visibility":"","ast-main-header-display":"","ast-hfb-above-header-display":"","ast-hfb-below-header-display":"","ast-hfb-mobile-header-display":"","site-post-title":"","ast-breadcrumbs-content":"","ast-featured-img":"","footer-sml-layout":"","ast-disable-related-posts":"","theme-transparent-header-meta":"default","adv-header-id-meta":"","stick-header-meta":"","header-above-stick-meta":"","header-main-stick-meta":"","header-below-stick-meta":"","astra-migrate-meta-layouts":"default","ast-page-background-enabled":"default","ast-page-background-meta":{"desktop":{"background-color":"var(--ast-global-color-4)","background-image":"","background-repeat":"repeat","background-position":"center center","background-size":"auto","background-attachment":"scroll","background-type":"","background-media":"","overlay-type":"","overlay-color":"","overlay-opacity":"","overlay-gradient":""},"tablet":{"background-color":"","background-image":"","background-repeat":"repeat","background-position":"center center","background-size":"auto","background-attachment":"scroll","background-type":"","background-media":"","overlay-type":"","overlay-color":"","overlay-opacity":"","overlay-gradient":""},"mobile":{"background-color":"","background-image":"","background-repeat":"repeat","background-position":"center center","background-size":"auto","background-attachment":"scroll","background-type":"","background-media":"","overlay-type":"","overlay-color":"","overlay-opacity":"","overlay-gradient":""}},"ast-content-background-meta":{"desktop":{"background-color":"var(--ast-global-color-5)","background-image":"","background-repeat":"repeat","background-position":"center center","background-size":"auto","background-attachment":"scroll","background-type":"","background-media":"","overlay-type":"","overlay-color":"","overlay-opacity":"","overlay-gradient":""},"tablet":{"background-color":"var(--ast-global-color-5)","background-image":"","background-repeat":"repeat","background-position":"center center","background-size":"auto","background-attachment":"scroll","background-type":"","background-media":"","overlay-type":"","overlay-color":"","overlay-opacity":"","overlay-gradient":""},"mobile":{"background-color":"var(--ast-global-color-5)","background-image":"","background-repeat":"repeat","background-position":"center center","background-size":"auto","background-attachment":"scroll","background-type":"","background-media":"","overlay-type":"","overlay-color":"","overlay-opacity":"","overlay-gradient":""}}},"product_brand":[],"product_cat":[222],"product_tag":[513,512],"class_list":{"0":"post-5711","1":"product","2":"type-product","3":"status-publish","4":"has-post-thumbnail","6":"product_cat-hogar","7":"product_tag-arepas-budare","8":"product_tag-budare","9":"desktop-align-left","10":"tablet-align-left","11":"mobile-align-left","13":"first","14":"outofstock","15":"taxable","16":"shipping-taxable","17":"purchasable","18":"product-type-simple"},"group_of_quantity":0,"min_quantity":0,"max_quantity":3,"exclude_order_quantity_value_rules":"no","exclude_category_quantity_rules":"no","combine_variations":"no","_links":{"self":[{"href":"https:\/\/elrincondelaabuelavenezolana.com\/en\/wp-json\/wp\/v2\/product\/5711","targetHints":{"allow":["GET"]}}],"collection":[{"href":"https:\/\/elrincondelaabuelavenezolana.com\/en\/wp-json\/wp\/v2\/product"}],"about":[{"href":"https:\/\/elrincondelaabuelavenezolana.com\/en\/wp-json\/wp\/v2\/types\/product"}],"wp:featuredmedia":[{"embeddable":true,"href":"https:\/\/elrincondelaabuelavenezolana.com\/en\/wp-json\/wp\/v2\/media\/5712"}],"wp:attachment":[{"href":"https:\/\/elrincondelaabuelavenezolana.com\/en\/wp-json\/wp\/v2\/media?parent=5711"}],"wp:term":[{"taxonomy":"product_brand","embeddable":true,"href":"https:\/\/elrincondelaabuelavenezolana.com\/en\/wp-json\/wp\/v2\/product_brand?post=5711"},{"taxonomy":"product_cat","embeddable":true,"href":"https:\/\/elrincondelaabuelavenezolana.com\/en\/wp-json\/wp\/v2\/product_cat?post=5711"},{"taxonomy":"product_tag","embeddable":true,"href":"https:\/\/elrincondelaabuelavenezolana.com\/en\/wp-json\/wp\/v2\/product_tag?post=5711"}],"curies":[{"name":"wp","href":"https:\/\/api.w.org\/{rel}","templated":true}]}}