{"id":7839,"date":"2025-02-07T19:27:46","date_gmt":"2025-02-07T18:27:46","guid":{"rendered":"https:\/\/elrincondelaabuelavenezolana.com\/?post_type=product&#038;p=7839"},"modified":"2025-07-11T13:03:02","modified_gmt":"2025-07-11T11:03:02","slug":"supercoco-caramelo-bolsa-50-unidades","status":"publish","type":"product","link":"https:\/\/elrincondelaabuelavenezolana.com\/en\/product\/supercoco-caramelo-bolsa-50-unidades\/","title":{"rendered":"SuperCoco Caramelo <br>Bolsa 50 Unidades<br>"},"content":{"rendered":"<p>El Supercoco es un turr\u00f3n con coco 100% natural, sin aditivos, elaborado a partir de cocos naturales, maduros y enteros. Los cocos son pelados uno a uno siguiendo un proceso artesanal. Los trozos de coco fresco son cocinados cuidadosamente con los dem\u00e1s ingredientes, hasta alcanzar el sabor \u00fanico de Supercoco. Finalmente, se da forma a la masa, transform\u00e1ndola en los m\u00e1s deliciosos turrones.<\/p>","protected":false},"excerpt":{"rendered":"<p>El Supercoco es un turr\u00f3n con coco 100% natural, sin aditivos, elaborado a partir de cocos naturales, maduros y enteros. Los cocos son pelados uno a uno siguiendo un proceso artesanal. Los trozos de coco fresco son cocinados cuidadosamente con los dem\u00e1s ingredientes, hasta alcanzar el sabor \u00fanico de Supercoco. Finalmente, se da forma a [&hellip;]<\/p>\n","protected":false},"featured_media":7833,"template":"","meta":{"site-sidebar-layout":"default","site-content-layout":"default","ast-site-content-layout":"default","site-content-style":"default","site-sidebar-style":"default","ast-global-header-display":"","ast-banner-title-visibility":"","ast-main-header-display":"","ast-hfb-above-header-display":"","ast-hfb-below-header-display":"","ast-hfb-mobile-header-display":"","site-post-title":"","ast-breadcrumbs-content":"","ast-featured-img":"","footer-sml-layout":"","ast-disable-related-posts":"","theme-transparent-header-meta":"default","adv-header-id-meta":"","stick-header-meta":"","header-above-stick-meta":"","header-main-stick-meta":"","header-below-stick-meta":"","astra-migrate-meta-layouts":"default","ast-page-background-enabled":"default","ast-page-background-meta":{"desktop":{"background-color":"var(--ast-global-color-4)","background-image":"","background-repeat":"repeat","background-position":"center center","background-size":"auto","background-attachment":"scroll","background-type":"","background-media":"","overlay-type":"","overlay-color":"","overlay-opacity":"","overlay-gradient":""},"tablet":{"background-color":"","background-image":"","background-repeat":"repeat","background-position":"center center","background-size":"auto","background-attachment":"scroll","background-type":"","background-media":"","overlay-type":"","overlay-color":"","overlay-opacity":"","overlay-gradient":""},"mobile":{"background-color":"","background-image":"","background-repeat":"repeat","background-position":"center center","background-size":"auto","background-attachment":"scroll","background-type":"","background-media":"","overlay-type":"","overlay-color":"","overlay-opacity":"","overlay-gradient":""}},"ast-content-background-meta":{"desktop":{"background-color":"var(--ast-global-color-5)","background-image":"","background-repeat":"repeat","background-position":"center center","background-size":"auto","background-attachment":"scroll","background-type":"","background-media":"","overlay-type":"","overlay-color":"","overlay-opacity":"","overlay-gradient":""},"tablet":{"background-color":"var(--ast-global-color-5)","background-image":"","background-repeat":"repeat","background-position":"center center","background-size":"auto","background-attachment":"scroll","background-type":"","background-media":"","overlay-type":"","overlay-color":"","overlay-opacity":"","overlay-gradient":""},"mobile":{"background-color":"var(--ast-global-color-5)","background-image":"","background-repeat":"repeat","background-position":"center center","background-size":"auto","background-attachment":"scroll","background-type":"","background-media":"","overlay-type":"","overlay-color":"","overlay-opacity":"","overlay-gradient":""}}},"product_brand":[],"product_cat":[214,220],"product_tag":[671,678,102,679,680,681],"class_list":{"0":"post-7839","1":"product","2":"type-product","3":"status-publish","4":"has-post-thumbnail","6":"product_cat-chucherias","7":"product_cat-postres","8":"product_tag-caramelo","9":"product_tag-caramelo-de-coco","10":"product_tag-coco","11":"product_tag-supercoco","12":"product_tag-turron","13":"product_tag-turron-de-coco","14":"desktop-align-left","15":"tablet-align-left","16":"mobile-align-left","18":"first","19":"instock","20":"taxable","21":"shipping-taxable","22":"purchasable","23":"product-type-simple"},"group_of_quantity":0,"min_quantity":0,"max_quantity":"","exclude_order_quantity_value_rules":"no","exclude_category_quantity_rules":"no","combine_variations":"no","_links":{"self":[{"href":"https:\/\/elrincondelaabuelavenezolana.com\/en\/wp-json\/wp\/v2\/product\/7839","targetHints":{"allow":["GET"]}}],"collection":[{"href":"https:\/\/elrincondelaabuelavenezolana.com\/en\/wp-json\/wp\/v2\/product"}],"about":[{"href":"https:\/\/elrincondelaabuelavenezolana.com\/en\/wp-json\/wp\/v2\/types\/product"}],"wp:featuredmedia":[{"embeddable":true,"href":"https:\/\/elrincondelaabuelavenezolana.com\/en\/wp-json\/wp\/v2\/media\/7833"}],"wp:attachment":[{"href":"https:\/\/elrincondelaabuelavenezolana.com\/en\/wp-json\/wp\/v2\/media?parent=7839"}],"wp:term":[{"taxonomy":"product_brand","embeddable":true,"href":"https:\/\/elrincondelaabuelavenezolana.com\/en\/wp-json\/wp\/v2\/product_brand?post=7839"},{"taxonomy":"product_cat","embeddable":true,"href":"https:\/\/elrincondelaabuelavenezolana.com\/en\/wp-json\/wp\/v2\/product_cat?post=7839"},{"taxonomy":"product_tag","embeddable":true,"href":"https:\/\/elrincondelaabuelavenezolana.com\/en\/wp-json\/wp\/v2\/product_tag?post=7839"}],"curies":[{"name":"wp","href":"https:\/\/api.w.org\/{rel}","templated":true}]}}